{"id":94,"date":"2016-09-17T13:38:37","date_gmt":"2016-09-17T13:38:37","guid":{"rendered":"http:\/\/moebel.moebelkunde.de\/?page_id=94"},"modified":"2016-09-22T18:19:14","modified_gmt":"2016-09-22T18:19:14","slug":"lederarten","status":"publish","type":"page","link":"http:\/\/moebel.moebelkunde.de\/?page_id=94","title":{"rendered":"Lederarten"},"content":{"rendered":"<h2>LEDER NATURBELASSEN ( ANILIN-LEDER )<\/h2>\n<div class=\"sidepicture\"><img loading=\"lazy\" class=\"alignnone size-full wp-image-180\" src=\"http:\/\/moebel.moebelkunde.de\/wp-content\/uploads\/2016\/09\/Leder1.jpg\" alt=\"leder1\" width=\"195\" height=\"61\" \/>&nbsp;<\/p>\n<\/div>\n<p>Durchgef\u00e4rbtes, naturbelassenes Leder ohne Oberfl\u00e4chenabdeckung (Pigmentierung).<br \/>\nDie nat\u00fcrliche Oberfl\u00e4chenstruktur (Narbenbild) bleibt deutlich und vollst\u00e4ndig erkennbar.<br \/>\nDas Leder ist sehr warm, anschmiegsam, weich und weist ein sehr gutes Sitzklima auf, da es durch die Offenporigkeit atmungsaktiv ist.<br \/>\nDurch die Offenporigkeit ist das Leder allerdings sehr empfindlich gegen Verschmutzungen und weist nur eine geringe Lichtechtheit auf.<\/p>\n<div class=\"clearer\"><\/div>\n<h2><a name=\"03c1989d140b26f01\"><\/a>LEDER LEICHT PIGMENTIERT (SEMI-ANILIN-LEDER)<\/h2>\n<p>&nbsp;<\/p>\n<p><img loading=\"lazy\" class=\"alignnone size-full wp-image-181\" src=\"http:\/\/moebel.moebelkunde.de\/wp-content\/uploads\/2016\/09\/Leder2.jpg\" alt=\"leder2\" width=\"195\" height=\"72\" \/><\/p>\n<p>Durchgef\u00e4rbtes Leder mit leichter Oberfl\u00e4chenabdeckung (Pigmentierung).<br \/>\nDie nat\u00fcrliche Oberfl\u00e4chenstruktur (Narbenbild) ist noch erkennbar.<br \/>\nDas Leder ist warm, anschmiegsam, weich und ist durch die Offenporigkeit auch atmungsaktiv.<br \/>\nDurch die leichte Oberfl\u00e4chenabdeckung (Pigmentierung) ist es jedoch unempfindlicher gegen Verschmutzungen und lichtechter als naturbelassene Leder.<\/p>\n<div class=\"clearer\"><\/div>\n<h2><a name=\"03c1989d140b81309\"><\/a>LEDER PIGMENTIERT (GEDECKTES LEDER)<\/h2>\n<div class=\"sidepicture\">\n<p>&nbsp;<\/p>\n<\/div>\n<p>Durchgef\u00e4rbtes Leder mit kr\u00e4ftiger Oberfl\u00e4chenabdeckung (Pigmentierung).<br \/>\nDas nat\u00fcrliche Narbenbild und die Poren des Leders sind vollst\u00e4ndig \u00fcberdeckt.<br \/>\nIm Vergleich mit leicht pigmentiertem Leder etwas k\u00e4lter und weniger weich, daf\u00fcr aber wesentlich lichtechter.<br \/>\nDurch die geschlossenen Poren ist das Leder weniger atmungsaktiv, daf\u00fcr aber sehr pflegeleicht und unempfindlich gegen Verschmutzung.<\/p>\n<div class=\"clearer\"><\/div>\n<h2><a name=\"03c1989d15104d903\"><\/a>LEDER KORRIGIERT (KORRIGIERTES LEDER)<\/h2>\n<p>Leder mit starker Oberfl\u00e4chenpigmentierung und k\u00fcnstlicher Narbenpr\u00e4gung.<br \/>\nDas nat\u00fcrliche Narbenbild und die Poren des Leders sind vollst\u00e4ndig \u00fcberdeckt.<br \/>\nIm Vergleich mit leicht pigmentiertem Leder etwas k\u00e4lter und weniger weich, daf\u00fcr aber wesentlich lichtechter.<br \/>\nDurch die geschlossenen Poren ist das Leder weniger atmungsaktiv, ist aber sehr pflegeleicht und unempfindlich gegen Verschmutzung.<br \/>\nDurch das Korrigieren erh\u00e4lt man eine gleichm\u00e4\u00dfige Oberfl\u00e4che.<\/p>\n<h2><a name=\"03c1989d151058004\"><\/a>VARIANTEN DER LEDERKORREKTUR<\/h2>\n<p>&nbsp;<\/p>\n<p><img loading=\"lazy\" class=\"alignnone size-full wp-image-182\" src=\"http:\/\/moebel.moebelkunde.de\/wp-content\/uploads\/2016\/09\/Leder3.jpg\" alt=\"leder3\" width=\"195\" height=\"72\" \/><\/p>\n<p><b>Deckgef\u00e4rbt, gepr\u00e4gt<br \/>\n<\/b>Gleichm\u00e4\u00dfige Farbe und gleichm\u00e4\u00dfige Oberfl\u00e4che durch Pr\u00e4gung.<br \/>\nNarbenschicht noch erhalten<\/p>\n<div class=\"clearer\"><\/div>\n<div class=\"sidepicture\">\n<p><img loading=\"lazy\" class=\"alignnone size-full wp-image-183\" src=\"http:\/\/moebel.moebelkunde.de\/wp-content\/uploads\/2016\/09\/Leder4.jpg\" alt=\"leder4\" width=\"195\" height=\"72\" \/><\/p>\n<\/div>\n<p><b>Korrigiert, deckgef\u00e4rbt, gepr\u00e4gt<br \/>\n<\/b>Narben angeschliffen f\u00fcr gleichm\u00e4\u00dfigere Oberfl\u00e4che.<br \/>\nOptik durch Pr\u00e4gen erstellt.<\/p>\n<div class=\"clearer\"><\/div>\n<div class=\"clearer\"><\/div>\n<div class=\"clearer\"><img loading=\"lazy\" class=\"alignnone size-full wp-image-184\" src=\"http:\/\/moebel.moebelkunde.de\/wp-content\/uploads\/2016\/09\/Leder5.jpg\" alt=\"leder5\" width=\"195\" height=\"72\" \/><\/div>\n<p><b>Geschliffen , deckgef\u00e4rbt , gepr\u00e4gt<br \/>\n<\/b>Narben voll abgeschliffen und Fehler stuckiert.<br \/>\nMit mehreren Farbauftr\u00e4gen abgedeckt und gepr\u00e4gt.<\/p>\n<div class=\"clearer\"><\/div>\n<h2><a name=\"03c1989d151069107\"><\/a>SPALTLEDER<\/h2>\n<div class=\"sidepicture\">\n<p><img loading=\"lazy\" class=\"alignnone size-full wp-image-185\" src=\"http:\/\/moebel.moebelkunde.de\/wp-content\/uploads\/2016\/09\/Leder6.jpg\" alt=\"leder6\" width=\"195\" height=\"105\" \/><\/p>\n<\/div>\n<p>Leder aus den unteren Hautschichten, bei dem keine Naturmerkmale oder Strukturunterschiede vorhanden sind.<br \/>\nWird entweder als Veloursleder verarbeitet oder stark pigmentiert und dann gepr\u00e4gt.<br \/>\nIn pigmentierter Form sehr pflegeleicht und unempfindlich gegen Verschmutzung.<br \/>\nDas Leder ist eher kalt und hat eine relativ harte Oberfl\u00e4che.<\/p>\n<div class=\"clearer\"><\/div>\n<h2><a name=\"03c1989d15106e108\"><\/a>NUBUK-LEDER<\/h2>\n<p>Nubuk-Leder ist die Bezeichnung f\u00fcr feines Rauhleder, das auf der Narbenseite leicht angeschliffen ist und dadurch einen samtartigen Charakter erh\u00e4lt.<br \/>\nF\u00fcr Nubuk-Leder werden feine Kalbs- oder Rindsh\u00e4ute verwendet.<br \/>\nDas Leder ist sehr warm, anschmiegsam, weich und weist ein sehr gutes Sitzklima auf, da es durch die Offenporigkeit atmungsaktiv ist.<br \/>\nDurch die Offenporigkeit ist das Leder allerdings sehr empfindlich gegen Verschmutzungen und weist nur eine geringe Lichtechtheit auf.<\/p>\n","protected":false},"excerpt":{"rendered":"<p>LEDER NATURBELASSEN ( ANILIN-LEDER ) &nbsp; Durchgef\u00e4rbtes, naturbelassenes Leder ohne Oberfl\u00e4chenabdeckung (Pigmentierung). Die nat\u00fcrliche Oberfl\u00e4chenstruktur (Narbenbild) bleibt deutlich und vollst\u00e4ndig erkennbar. Das Leder ist sehr warm, anschmiegsam, weich und weist ein sehr gutes Sitzklima auf, da es durch die Offenporigkeit atmungsaktiv ist. Durch die Offenporigkeit ist das Leder allerdings sehr empfindlich gegen Verschmutzungen und weist &hellip; <a href=\"http:\/\/moebel.moebelkunde.de\/?page_id=94\" class=\"more-link\"><span class=\"screen-reader-text\">Lederarten<\/span> weiterlesen <span class=\"meta-nav\">&rarr;<\/span><\/a><\/p>\n","protected":false},"author":1,"featured_media":0,"parent":87,"menu_order":0,"comment_status":"closed","ping_status":"closed","template":"","meta":[],"_links":{"self":[{"href":"http:\/\/moebel.moebelkunde.de\/index.php?rest_route=\/wp\/v2\/pages\/94"}],"collection":[{"href":"http:\/\/moebel.moebelkunde.de\/index.php?rest_route=\/wp\/v2\/pages"}],"about":[{"href":"http:\/\/moebel.moebelkunde.de\/index.php?rest_route=\/wp\/v2\/types\/page"}],"author":[{"embeddable":true,"href":"http:\/\/moebel.moebelkunde.de\/index.php?rest_route=\/wp\/v2\/users\/1"}],"replies":[{"embeddable":true,"href":"http:\/\/moebel.moebelkunde.de\/index.php?rest_route=%2Fwp%2Fv2%2Fcomments&post=94"}],"version-history":[{"count":3,"href":"http:\/\/moebel.moebelkunde.de\/index.php?rest_route=\/wp\/v2\/pages\/94\/revisions"}],"predecessor-version":[{"id":211,"href":"http:\/\/moebel.moebelkunde.de\/index.php?rest_route=\/wp\/v2\/pages\/94\/revisions\/211"}],"up":[{"embeddable":true,"href":"http:\/\/moebel.moebelkunde.de\/index.php?rest_route=\/wp\/v2\/pages\/87"}],"wp:attachment":[{"href":"http:\/\/moebel.moebelkunde.de\/index.php?rest_route=%2Fwp%2Fv2%2Fmedia&parent=94"}],"curies":[{"name":"wp","href":"https:\/\/api.w.org\/{rel}","templated":true}]}}