{"id":90,"date":"2016-09-17T12:16:02","date_gmt":"2016-09-17T12:16:02","guid":{"rendered":"http:\/\/moebel.moebelkunde.de\/?page_id=90"},"modified":"2016-09-22T18:10:56","modified_gmt":"2016-09-22T18:10:56","slug":"aufbau-eines-polstermoebel","status":"publish","type":"page","link":"http:\/\/moebel.moebelkunde.de\/?page_id=90","title":{"rendered":"Aufbau eines Polsterm\u00f6bel"},"content":{"rendered":"<p><b>Gestell<\/b><\/p>\n<p>Alle tragenden Teile hochwertiger Polsterm\u00f6bel bestehen aus massivem Hartholz,<br \/>\nin der Regel Buche.<br \/>\nSie sind in bester Handwerksarbeit sorgf\u00e4ltig verd\u00fcbelt und verleimt.<br \/>\nIn nicht tragenden Teilen werden bisweilen Schichtholzplatten und in Ausnahmef\u00e4llen,<br \/>\nSpanplatten der G\u00fcteklasse E 1 verwendet.<\/p>\n<p>&nbsp;<\/p>\n<p><img loading=\"lazy\" class=\"alignnone size-medium wp-image-206\" src=\"http:\/\/moebel.moebelkunde.de\/wp-content\/uploads\/2016\/09\/Stuhl-300x218.jpg\" alt=\"stuhl\" width=\"300\" height=\"218\" srcset=\"http:\/\/moebel.moebelkunde.de\/wp-content\/uploads\/2016\/09\/Stuhl-300x218.jpg 300w, http:\/\/moebel.moebelkunde.de\/wp-content\/uploads\/2016\/09\/Stuhl-768x558.jpg 768w, http:\/\/moebel.moebelkunde.de\/wp-content\/uploads\/2016\/09\/Stuhl-1024x744.jpg 1024w, http:\/\/moebel.moebelkunde.de\/wp-content\/uploads\/2016\/09\/Stuhl.jpg 1755w\" sizes=\"(max-width: 300px) 100vw, 300px\" \/><\/p>\n<p>&nbsp;<\/p>\n<h2><a name=\"03c1989c8e0b6ac03\"><\/a>BLINDHOLZGESTELLE<\/h2>\n<p>&nbsp;<\/p>\n<p><img loading=\"lazy\" class=\"alignnone size-medium wp-image-205\" src=\"http:\/\/moebel.moebelkunde.de\/wp-content\/uploads\/2016\/09\/IMG_2711-200x300.jpg\" alt=\"img_2711\" width=\"200\" height=\"300\" srcset=\"http:\/\/moebel.moebelkunde.de\/wp-content\/uploads\/2016\/09\/IMG_2711-200x300.jpg 200w, http:\/\/moebel.moebelkunde.de\/wp-content\/uploads\/2016\/09\/IMG_2711-768x1152.jpg 768w, http:\/\/moebel.moebelkunde.de\/wp-content\/uploads\/2016\/09\/IMG_2711-683x1024.jpg 683w\" sizes=\"(max-width: 200px) 100vw, 200px\" \/><\/p>\n<p>&nbsp;<\/p>\n<p>alle Teile mit Ausnahme der F\u00fc\u00dfe \u00fcberpolstert oder mit Stoff \u00fcberzogen<\/p>\n<ul>\n<li>Anforderungen an ein qualitativ gutes Blindholzgestell sind:<\/li>\n<li>einwandfreies Holz (trocknungsgrad)<\/li>\n<li>Hartholz in tragenden Teilen<\/li>\n<li>bei Verwendung von Weichh\u00f6lzern sind diese st\u00e4rker zu dimensionieren<\/li>\n<li>gerundete Kanten<\/li>\n<li>unl\u00f6sbare Verbindungen (verschraubt und verleimt)<\/li>\n<\/ul>\n<div class=\"clearer\"><\/div>\n<h2><a name=\"03c1989c8e0b75904\"><\/a>SICHTHOLZGESTELLE<\/h2>\n<p>Bei einem Sichtholzgestell sind nur einige Teile \u00fcberpolstert oder mit Stoff bezogen<\/p>\n<h2><a name=\"03c1989c8e0c8e701\"><\/a>METALLGESTELLE<\/h2>\n<p>&nbsp;<\/p>\n<p><img loading=\"lazy\" class=\"alignnone size-medium wp-image-207\" src=\"http:\/\/moebel.moebelkunde.de\/wp-content\/uploads\/2016\/09\/IMG_2702-200x300.jpg\" alt=\"img_2702\" width=\"200\" height=\"300\" srcset=\"http:\/\/moebel.moebelkunde.de\/wp-content\/uploads\/2016\/09\/IMG_2702-200x300.jpg 200w, http:\/\/moebel.moebelkunde.de\/wp-content\/uploads\/2016\/09\/IMG_2702-768x1152.jpg 768w, http:\/\/moebel.moebelkunde.de\/wp-content\/uploads\/2016\/09\/IMG_2702-683x1024.jpg 683w\" sizes=\"(max-width: 200px) 100vw, 200px\" \/><\/p>\n<p>sind bei kleineren Abmessungen stabiler als Holzgestelle und lassen sich leichter formen.<br \/>\n<b>Blindmetallgestelle <\/b>werden in der Regel eingesch\u00e4umt und k\u00f6nnen dann auch mit Funktionen verbunden werden<\/p>\n<div class=\"clearer\"><\/div>\n<h2><a name=\"03c1989c8e0c96702\"><\/a>KUNSTSTOFFGESTELLE<\/h2>\n<p>k\u00f6nnen in jeder Form in einem Arbeitsgang und in jeder H\u00e4rte produziert werden<\/p>\n<p><b>Unterfederung eines Polsterm\u00f6bels<\/b><\/p>\n<h2><a name=\"03c1989c8e0c9cd05\"><\/a>NOSAG &#8211; FEDERUNG<\/h2>\n<ul>\n<li>wird in kuststoffummantelten Metallhalterungen auf die Zargenlage getackert (ger\u00e4uschlos)<\/li>\n<li>Eine Kokosmatte deckt diese ab und isoliert den dar\u00fcberliegenden Aufbau.<\/li>\n<li>Gebrauchseigenschaften : guter Gegendruck, gute R\u00fcckstellkraft und Dauerelastizit\u00e4t<\/li>\n<li>auf die Nosagfederung k\u00f6nnen Bonellfederkern und Zylinderfederkern aufgepolstert werden<\/li>\n<li>Die beste Unterfederung sind Nosagwellen aus verg\u00fctetem Stahl von ca. 3,8 mm St\u00e4rke.<\/li>\n<li>Eine Kokosmatte deckt diese ab und isoliert den dar\u00fcberliegenden Aufbau<\/li>\n<\/ul>\n<h2><a name=\"03c1989c8e0ca7f06\"><\/a>ELASTISCHER GUMMIGURT<\/h2>\n<ul>\n<li>wird kreuzweise auf die Zargenlage versetzt getackert<\/li>\n<li>Kombination aus elastischem und unelastischem Faden<\/li>\n<li>wichtig : richtiger Gurt an die richtige Stelle, richtig vorspannen<\/li>\n<li>im R\u00fccken waagerecht und dichte Verarbeitung<\/li>\n<li>der Abstand zwischen den Gurten mu\u00df kleiner sein als der Gurt selbst<\/li>\n<li>Gebrauchseigenschaften : guter Gegendruck, gute R\u00fcckstellkraft und dauerelastisch<\/li>\n<li>auf den Gummigurt k\u00f6nnen Sch\u00e4ume aller Art aufgepolstert werden<\/li>\n<\/ul>\n<h2><a name=\"03c1989c8e0cd2408\"><\/a>GEDREHTE FLACHFEDER AUS METALL<\/h2>\n<ul>\n<li>wird kreuzweise auf die Zargenlage getackert<\/li>\n<li>hat nur eine geringe Vorspannung und dadurch einen geringen Gegendruck<\/li>\n<li>schlechte R\u00fcckstellkraft und schlechte Dauerelastizit\u00e4t<\/li>\n<li>wir nur zur kurzzeitigen Nutzung verwendet<\/li>\n<\/ul>\n<p><b>Polsteraufbau<\/b><\/p>\n<ul>\n<li>Polsteraufbauten bestehen aus Federkern und\/oder Schaumpolsterung.<\/li>\n<li>Entscheidend f\u00fcr Qualit\u00e4t und Wertbest\u00e4ndigkeit sind die G\u00fcte der verwendeten Materialien und vor allem der richtige Polsteraufbau!<\/li>\n<li>Beide Konstruktionen werden entweder auf Gummigurte oder auf eine Stahlwellen-Unterfederung, den so genannten Nosag-Federn gesetzt.<\/li>\n<li>In hochwertigen Polsterm\u00f6beln verwendet man meistens Poly\u00e4thersch\u00e4ume unterschiedlicher H\u00e4rtegrade f\u00fcr optimalen Sitzkomfort und hohe Formbest\u00e4ndigkeit.<\/li>\n<li>Die R\u00fcckenpolsterung basiert auf Gummigurt-Unterfederung und hochwertigen,FCKW-freien Poly\u00e4thersch\u00e4umen.<\/li>\n<li>Alle Schaumteile der Polsterung werden mit bauschbest\u00e4ndiger Polsterwatte (Vlies) abgedeckt.<\/li>\n<li>Das perfektioniert zum einen den Sitzkomfort, zum anderen verhindert sie das Reiben von Schaum an Stoff oder Leder und sch\u00fctzt damit den Polsterbezug auf der Innenseite.<\/li>\n<li>Verwendet wird beidseitig verstepptes Hohlfaservlies oder thermisch verfestigtes Vlies.<\/li>\n<li>Je nach Polsterart- leger oder streng &#8211; ist dieses dicker oder d\u00fcnner.<\/li>\n<\/ul>\n<h2><a name=\"03c1989c8b0ddc60a\"><\/a>FEDERKERN<\/h2>\n<ul>\n<li>Bei einem qualitativ gutem Polsterm\u00f6bel spielt die<b> H\u00f6henbest\u00e4ndigkeit des Federkerns<\/b> eine besondere Rolle.<\/li>\n<li>Bei preiswerten oder konservativen Polsterm\u00f6beln werden heute meist maschinell hergestellte Bonell-Federkerne verwendet.<\/li>\n<li>Dieser besteht aus taillierten, ineinander verdrehten Federn mit gleichm\u00e4\u00dfiger Stauchh\u00e4rte und mindestens 2 mm Federst\u00e4rke.<\/li>\n<li>Sie werden auf Ober- und Unterseite mit einer stabilisierenden Filzmatte abgedeckt.<\/li>\n<li>Oberseitig sch\u00fctzt diese zugleich die Poly\u00e4ther-Schaumauflage vor Abrieb.<\/li>\n<li>Ringsum mit Poly\u00e4therschaum ummantelte Federkerne sind hier zu empfehlen.<\/li>\n<li>Um fr\u00fchzeitige Erm\u00fcdungserscheinungen zu vermeiden, sollte der Federkern aus m\u00f6glichst vielen Federn bestehen.<\/li>\n<li>Achten Sie daher auf gepr\u00fcfte Federkerne mit LGA-ZertifikatDeutlich bessere Qualit\u00e4t bietet ein handgefertigter Zylinderfederkern.<\/li>\n<li>Dessen ineinandergeflochtene Einzelfedern bilden einen geschlossenen Polsterk\u00f6rper.<\/li>\n<li>Jede einzelne Feder ist mit einem Wachsmittel pr\u00e4pariert. Dies verhindert die Korrosion und beschr\u00e4nkt die Ger\u00e4uschbildung auf ein Minimum.<\/li>\n<\/ul>\n<p><img loading=\"lazy\" class=\"alignnone size-medium wp-image-208\" src=\"http:\/\/moebel.moebelkunde.de\/wp-content\/uploads\/2016\/09\/IMG_2705-200x300.jpg\" alt=\"img_2705\" width=\"200\" height=\"300\" srcset=\"http:\/\/moebel.moebelkunde.de\/wp-content\/uploads\/2016\/09\/IMG_2705-200x300.jpg 200w, http:\/\/moebel.moebelkunde.de\/wp-content\/uploads\/2016\/09\/IMG_2705-768x1152.jpg 768w, http:\/\/moebel.moebelkunde.de\/wp-content\/uploads\/2016\/09\/IMG_2705-683x1024.jpg 683w\" sizes=\"(max-width: 200px) 100vw, 200px\" \/><\/p>\n<h3>Aufpolsterung mit Nosag Feder und Bonell Federkern<\/h3>\n<h2><a name=\"03c1989c8b0dd4109\"><\/a>SCHAUMSTOFF<\/h2>\n<ul>\n<li>und gerade in hochwertigen, modernen Polsterm\u00f6beln werden FCKW-freie Poly\u00e4thersch\u00e4ume verwendet.<\/li>\n<li>Ihre St\u00e4rken sind extreme Langlebigkeit (bis zu 300.000 Belastungen ohne nennenswerte Materialerm\u00fcdung!) und die vielf\u00e4ltigen M\u00f6glichkeiten der Formgebung!<\/li>\n<li>Sch\u00e4ume unterschiedlicher H\u00e4rtegrade sorgen au\u00dferdem f\u00fcr optimalen Sitzkomfort, der durch keine andere Polsterung erreicht werden kann.<\/li>\n<li>Entscheidend f\u00fcr die Qualit\u00e4t der Sitzpolster ist das Raumgewicht (RG) des Schaumstoffes.<\/li>\n<li>Es beschreibt die Masse Material, welches pro Kubikmeter fertigen Schaumes verarbeitet wurde.<\/li>\n<li>Je h\u00f6her das Raumgewicht, desto fester, formstabiler und langlebiger ist die Polsterung.<\/li>\n<li>In Sitz sollte es nicht unter 40 RG und im R\u00fccken nicht unter 30 RG liegen. In unseren Polsterm\u00f6bel sind ausschlie\u00dflich hochwertige, FCKW-freie Poly\u00e4thersch\u00e4ume!<\/li>\n<\/ul>\n","protected":false},"excerpt":{"rendered":"<p>Gestell Alle tragenden Teile hochwertiger Polsterm\u00f6bel bestehen aus massivem Hartholz, in der Regel Buche. Sie sind in bester Handwerksarbeit sorgf\u00e4ltig verd\u00fcbelt und verleimt. In nicht tragenden Teilen werden bisweilen Schichtholzplatten und in Ausnahmef\u00e4llen, Spanplatten der G\u00fcteklasse E 1 verwendet. &nbsp; &nbsp; BLINDHOLZGESTELLE &nbsp; &nbsp; alle Teile mit Ausnahme der F\u00fc\u00dfe \u00fcberpolstert oder mit Stoff \u00fcberzogen &hellip; <a href=\"http:\/\/moebel.moebelkunde.de\/?page_id=90\" class=\"more-link\"><span class=\"screen-reader-text\">Aufbau eines Polsterm\u00f6bel<\/span> weiterlesen <span class=\"meta-nav\">&rarr;<\/span><\/a><\/p>\n","protected":false},"author":1,"featured_media":0,"parent":87,"menu_order":0,"comment_status":"closed","ping_status":"closed","template":"","meta":[],"_links":{"self":[{"href":"http:\/\/moebel.moebelkunde.de\/index.php?rest_route=\/wp\/v2\/pages\/90"}],"collection":[{"href":"http:\/\/moebel.moebelkunde.de\/index.php?rest_route=\/wp\/v2\/pages"}],"about":[{"href":"http:\/\/moebel.moebelkunde.de\/index.php?rest_route=\/wp\/v2\/types\/page"}],"author":[{"embeddable":true,"href":"http:\/\/moebel.moebelkunde.de\/index.php?rest_route=\/wp\/v2\/users\/1"}],"replies":[{"embeddable":true,"href":"http:\/\/moebel.moebelkunde.de\/index.php?rest_route=%2Fwp%2Fv2%2Fcomments&post=90"}],"version-history":[{"count":4,"href":"http:\/\/moebel.moebelkunde.de\/index.php?rest_route=\/wp\/v2\/pages\/90\/revisions"}],"predecessor-version":[{"id":209,"href":"http:\/\/moebel.moebelkunde.de\/index.php?rest_route=\/wp\/v2\/pages\/90\/revisions\/209"}],"up":[{"embeddable":true,"href":"http:\/\/moebel.moebelkunde.de\/index.php?rest_route=\/wp\/v2\/pages\/87"}],"wp:attachment":[{"href":"http:\/\/moebel.moebelkunde.de\/index.php?rest_route=%2Fwp%2Fv2%2Fmedia&parent=90"}],"curies":[{"name":"wp","href":"https:\/\/api.w.org\/{rel}","templated":true}]}}