{"id":87,"date":"2016-09-17T12:14:05","date_gmt":"2016-09-17T12:14:05","guid":{"rendered":"http:\/\/moebel.moebelkunde.de\/?page_id=87"},"modified":"2016-09-17T12:14:05","modified_gmt":"2016-09-17T12:14:05","slug":"polstermoebel","status":"publish","type":"page","link":"http:\/\/moebel.moebelkunde.de\/?page_id=87","title":{"rendered":"Polsterm\u00f6bel"},"content":{"rendered":"<p>Gute Polsterm\u00f6bel werden nicht am Flie\u00dfband gefertigt, sondern komplett von Hand gearbeitet &#8211; unterst\u00fctzt von modernsten Maschinen.<br \/>\nOb Holzverarbeitung, Polstern oder N\u00e4hen &#8211; jeder Arbeitsgang wird von einer Spezialkraft komplett durchgef\u00fchrt.<br \/>\nDas garantiert eine gleichm\u00e4\u00dfig hohe Qualit\u00e4t der Polsterm\u00f6bel.<br \/>\nAlle tragenden Teile hochwertiger Polsterm\u00f6bel bestehen aus massivem Hartholz, in der Regel Buche.<br \/>\nSie sind in bester Handwerksarbeit sorgf\u00e4ltig verd\u00fcbelt und verleimt.<br \/>\nIn nicht tagenden Teilen werden bisweilen Schichtholzplatten und in Ausnahmef\u00e4llen, Spanplatten der G\u00fcteklasse E 1 verwendet.<\/p>\n<p>Doch ob ein Polsterm\u00f6bel haltbar ist, bei intensiver Nutzung seine Form und seinen behaglichen Sitzkomfort beh\u00e4lt, l\u00e4sst sich nach oberfl\u00e4chlicher Begutachtung und Sitzprobe h\u00e4ufig nicht sagen.<\/p>\n<p>Bei Konstruktion, Materialien und Verarbeitung gibt es betr\u00e4chtliche Unterschiede.<\/p>\n<p>Gerade bei Polsterm\u00f6beln, die t\u00e4glich sehr hohen Belastungen standhalten m\u00fcssen, kommt ihrem verborgenen Innenleben eine entscheidende Bedeutung zu. Langlebige Qualit\u00e4t, perfekte Funktion, zeitloses und formsch\u00f6nes Design werden mit ebenso hohem Aufwand realisiert wie gesundheitsorientierter und bequemer Sitz- und Liegekomfort oder individuelle und vielf\u00e4ltige Kombinationsm\u00f6glichkeiten.<\/p>\n<p>\u00dcblicherweise signalisiert der Preis, wie ein Polsterm\u00f6bel qualitativ zu bewerten ist.<\/p>\n<p>Hochwertige Materialien und solide handwerkliche Verarbeitung verursachen nun einmal h\u00f6here Kosten, als Fertigungsverfahren an der Grenze gerade noch akzeptabler Qualit\u00e4t!<\/p>\n","protected":false},"excerpt":{"rendered":"<p>Gute Polsterm\u00f6bel werden nicht am Flie\u00dfband gefertigt, sondern komplett von Hand gearbeitet &#8211; unterst\u00fctzt von modernsten Maschinen. Ob Holzverarbeitung, Polstern oder N\u00e4hen &#8211; jeder Arbeitsgang wird von einer Spezialkraft komplett durchgef\u00fchrt. Das garantiert eine gleichm\u00e4\u00dfig hohe Qualit\u00e4t der Polsterm\u00f6bel. Alle tragenden Teile hochwertiger Polsterm\u00f6bel bestehen aus massivem Hartholz, in der Regel Buche. Sie sind in &hellip; <a href=\"http:\/\/moebel.moebelkunde.de\/?page_id=87\" class=\"more-link\"><span class=\"screen-reader-text\">Polsterm\u00f6bel<\/span> weiterlesen <span class=\"meta-nav\">&rarr;<\/span><\/a><\/p>\n","protected":false},"author":1,"featured_media":0,"parent":25,"menu_order":0,"comment_status":"closed","ping_status":"closed","template":"","meta":[],"_links":{"self":[{"href":"http:\/\/moebel.moebelkunde.de\/index.php?rest_route=\/wp\/v2\/pages\/87"}],"collection":[{"href":"http:\/\/moebel.moebelkunde.de\/index.php?rest_route=\/wp\/v2\/pages"}],"about":[{"href":"http:\/\/moebel.moebelkunde.de\/index.php?rest_route=\/wp\/v2\/types\/page"}],"author":[{"embeddable":true,"href":"http:\/\/moebel.moebelkunde.de\/index.php?rest_route=\/wp\/v2\/users\/1"}],"replies":[{"embeddable":true,"href":"http:\/\/moebel.moebelkunde.de\/index.php?rest_route=%2Fwp%2Fv2%2Fcomments&post=87"}],"version-history":[{"count":1,"href":"http:\/\/moebel.moebelkunde.de\/index.php?rest_route=\/wp\/v2\/pages\/87\/revisions"}],"predecessor-version":[{"id":88,"href":"http:\/\/moebel.moebelkunde.de\/index.php?rest_route=\/wp\/v2\/pages\/87\/revisions\/88"}],"up":[{"embeddable":true,"href":"http:\/\/moebel.moebelkunde.de\/index.php?rest_route=\/wp\/v2\/pages\/25"}],"wp:attachment":[{"href":"http:\/\/moebel.moebelkunde.de\/index.php?rest_route=%2Fwp%2Fv2%2Fmedia&parent=87"}],"curies":[{"name":"wp","href":"https:\/\/api.w.org\/{rel}","templated":true}]}}