{"id":68,"date":"2016-09-16T11:24:07","date_gmt":"2016-09-16T11:24:07","guid":{"rendered":"http:\/\/moebel.moebelkunde.de\/?page_id=68"},"modified":"2016-09-16T11:25:14","modified_gmt":"2016-09-16T11:25:14","slug":"holzfaserplatten","status":"publish","type":"page","link":"http:\/\/moebel.moebelkunde.de\/?page_id=68","title":{"rendered":"Holzfaserplatten"},"content":{"rendered":"<p>Im Gegensatz zu den Holzspanwerkstoffen werden bei den Holzfaserwerkstoffen nicht nur Holzsp\u00e4ne und Holzstoffe, sondern auch Stroh und andere zellulosehaltige Stoffe verarbeitet.<br \/>\nDas Holz wird so lange zerkleinert, bis nur noch Fasern \u00fcbrig bleiben. Hierf\u00fcr eignet sich besonders langfasriges Nadlholz.<\/p>\n<h2><a name=\"03c1989bb80fbbe01\"><\/a>NASSVERFAHRE<\/h2>\n<p>Zu Beginn der Entwicklung wurden die verschiedenen Holzstoffe im <b>Dampfmahlverfahren<\/b>unter Einwirkung von Druck und Hitze zermahlen.<br \/>\nDer dabei entstehende Faserbrei wurde anschlie\u00dfend mit Wasser aufgeschwemmt und von Astteilen gereinigt.<br \/>\nDiese Masse wiederum wurde mit Kunstharzleimen und Paraffin vermischt.<br \/>\nDas Paraffin sollte hierbei die Dickenquellung verringert.<br \/>\nNun war die Masse soweit vorbereitet, dass sie zur Platte weiterverarbeitet werden konnte.<br \/>\nDazu wurde der Faserbrei auf ein Sieb gesch\u00fcttet, damit beim Pressverfahren das \u00fcbersch\u00fcssige Wasser abflie\u00dfen konnte.<br \/>\nJetzt wissen Sie auch, warum fr\u00fcher die Unterseite der Holzfaserplatten so ein \u201eseltsames\u201c Muster aufwiesen.<br \/>\nEs ist die typische Struktur des Siebes, die sich hier eingepr\u00e4gt hat.<\/p>\n<h2><a name=\"03c1989bb80fc1902\"><\/a>TROCKENVERFAHREN<\/h2>\n<p>In dem <b>heute \u00fcblichen<\/b> Trockenverfahren wird das im Dampfmahlverfahren zerfaserte Holz ebenfalls mit Phenolharz als Bindemittel und mit Paraffin zur Verringerung der Dickenquellung vermischt.<br \/>\nDiese Masse wird zum Faservlies aufgestreut und in Mehretagenpressen verpresst.<br \/>\nDamit die Oberfl\u00e4che glatt wird, legt man beim pressen ein hochglanzpoliertes Blech auf.<br \/>\nZuvor muss der Faserkuchen jedoch noch mit einer Paraffinemulsion \u00fcberspr\u00fcht werden, damit er nicht an den hei\u00dfen Pressblechen anbrennt.<\/p>\n<h2><a name=\"03c1989bb80fc5904\"><\/a>EINSATZBEREICHE<\/h2>\n<ul>\n<li>bei Schubkastenb\u00f6den und R\u00fcckw\u00e4nden werden Sie harte Holzfaserplatten finden(aus Stabilit\u00e4tsgr\u00fcnden nur bis zu 12 mm dick)<\/li>\n<li>Achtung : Bei Feuchtigkeit ver\u00e4ndern sie sich in ihren Ma\u00dfen stark, was sich am M\u00f6bel durch wenige R\u00fcckw\u00e4nde oder Schubkastenb\u00f6den bemerkbar macht.<\/li>\n<li>Aus diesem Grunde wird bereits vor der Bearbeitung die Plattenfeuchtigkeit dem Verwendungsort angepasst.<\/li>\n<li>Sollte jedoch Ihr Kunde z.B. einen f\u00fcr die K\u00fcche bestimmten Eckschrank im Badezimmer aufstellen, so darf er sich \u00fcber die Ausdehnung der Platten nicht wundern.<\/li>\n<\/ul>\n<h2><a name=\"03c1989bb80fd3605\"><\/a>MDF PLATTE<\/h2>\n<p>Hiermit haben wir aber das Kapitel \u00fcber die Holzfaserplatten noch nicht abgeschlossen, denn die zur Zeit wichtigste, die <b>MDF-Platte<\/b>, haben wir noch nicht erw\u00e4hnt.<br \/>\n<b>MDF<\/b> steht f\u00fcr \u201eMedium Density Fiberboard\u201c und wird mit \u201eMitteldichte Faserplatte\u201c \u00fcbersetzt.<br \/>\nDie MDF Platte kommt urspr\u00fcnglich aus den USA. Daher kommt auch der Name. Zuf\u00e4llig pa\u00dft die \u00dcbersetzung ins deutsche: Mittel-dichte Faserplatte<br \/>\nDas Herstellungsverfahren der MDF-Platte liegt auf der<b> Grenze zwischen Span- und Faserplatte<\/b>.<br \/>\nDie Hauptmerkmale der MDF-Platte, der homogene Aufbau und die Verwendung von Holzfasern, zeichnen sie jedoch als Faserplatte aus.<br \/>\nIn einem besonderen Verfahren wird f\u00fcr die MDF-Platte das Holz aufgefasert, mit Leim vermischt und unter Einwirkung von Hitze gepresst.<br \/>\nDie MDF Platte kommt urspr\u00fcnglich aus den USA. Daher kommt auch der Name &#8222;medium density fiberboard&#8220;<\/p>\n<p><ins id=\"aswift_0_expand\"><ins id=\"aswift_0_anchor\"><iframe id=\"aswift_0\" name=\"aswift_0\" width=\"728\" height=\"90\" frameborder=\"0\" marginwidth=\"0\" marginheight=\"0\" scrolling=\"no\" allowfullscreen=\"allowfullscreen\" data-mce-fragment=\"1\"><\/iframe><\/ins><\/ins><\/p>\n<h2><a name=\"03c1989bb80fd8306\"><\/a>GESTALTUNGSM\u00d6GLICHKEITEN<\/h2>\n<p>Durch die sehr gleichm\u00e4\u00dfige und feine Holzfaserstruktur eignet sich dieses Material f\u00fcr neue Verwendungszwecke, die bisher mit Holzwerkstoffen nicht m\u00f6glich waren.<br \/>\nIn diese Platten k\u00f6nnen Konturen gefr\u00e4st werden, ihre Kanten k\u00f6nnen direkt profiliert werden.<br \/>\nMan kann z.B. auch dekorative Rahmenleisten, wie man sie h\u00e4ufig als Gestaltungselemente auf T\u00fcren findet, aus der MDF-Platte fr\u00e4sen.<br \/>\nDiese werden anschlie\u00dfend noch furniert, foliert oder auch lackiert:<br \/>\nKranz- und Lichtblendenprofile k\u00f6nnen mit Furnier oder Folie direkt ummantelt werden.<br \/>\nEs er\u00f6ffnen sich also f\u00fcr die M\u00f6belproduktion mit der mitteldichten Faserplatte M\u00f6glichkeiten, die zuvor nur mit Massivholz zu realisieren waren.<\/p>\n<h2><a name=\"03c1989bb90f36301\"><\/a>VORTEILE DER MDF PLATTE<\/h2>\n<ul>\n<li>Aber es sind nicht nur die gestalterischen M\u00f6glichkeiten, die die MDF-Platte so bedeutsam machen.<\/li>\n<li>Mit dem durchgehend gleichm\u00e4\u00dfigen Aufbau hat sie auch hervorragende<b>Festigkeitswerte<\/b>.<\/li>\n<li>Ihre Oberfl\u00e4che ist von sehr feiner Struktur und l\u00e4sst sich direkt folieren, furnieren und deckend lackieren.<\/li>\n<li>Auszugsfestigkeit (Schrauben)<\/li>\n<li>kaum Feuchtigkeitsaufnahme<\/li>\n<li>Die Einsatzm\u00f6glichkeiten der mitteldichten Faserplatte sind im M\u00f6belbau daher sehr gro\u00df.<\/li>\n<li><\/li>\n<li><b>Nachteil :<\/b> hohes Gewicht, hoher Preis<\/li>\n<\/ul>\n<h2><a name=\"03c1989bb90f3a902\"><\/a>ZUSAMMENFASSUNG<\/h2>\n<p>Im Unterschied zur Spanplatte entsteht bei der Herstellung von Holzfaserplatten im Dampfmahlverfahren ein Faserbrei, der mit Bindemitteln versetzt, entw\u00e4ssert und anschlie\u00dfend zu Platten zusammengepresst wird.<br \/>\nIm M\u00f6belbau werden harte Holzfaserplatten verwendet, z.B. f\u00fcr Schubkastenb\u00f6den und R\u00fcckw\u00e4nde.<\/p>\n<p>Eine Sonderrolle nimmt die MDF-Platte ein. Sie eignet sich durch ihren Aufbau auch f\u00fcr Zwecke im M\u00f6belbau, die mit den herk\u00f6mmlichen Holzwerkstoffen nicht m\u00f6glich waren.<br \/>\nBesonders die Ummantelungstechnik konnte bis zu einem hohen Qualit\u00e4tsniveau weiterentwickelt werden.<\/p>\n","protected":false},"excerpt":{"rendered":"<p>Im Gegensatz zu den Holzspanwerkstoffen werden bei den Holzfaserwerkstoffen nicht nur Holzsp\u00e4ne und Holzstoffe, sondern auch Stroh und andere zellulosehaltige Stoffe verarbeitet. Das Holz wird so lange zerkleinert, bis nur noch Fasern \u00fcbrig bleiben. Hierf\u00fcr eignet sich besonders langfasriges Nadlholz. NASSVERFAHRE Zu Beginn der Entwicklung wurden die verschiedenen Holzstoffe im Dampfmahlverfahrenunter Einwirkung von Druck und &hellip; <a href=\"http:\/\/moebel.moebelkunde.de\/?page_id=68\" class=\"more-link\"><span class=\"screen-reader-text\">Holzfaserplatten<\/span> weiterlesen <span class=\"meta-nav\">&rarr;<\/span><\/a><\/p>\n","protected":false},"author":1,"featured_media":0,"parent":31,"menu_order":0,"comment_status":"closed","ping_status":"closed","template":"","meta":[],"_links":{"self":[{"href":"http:\/\/moebel.moebelkunde.de\/index.php?rest_route=\/wp\/v2\/pages\/68"}],"collection":[{"href":"http:\/\/moebel.moebelkunde.de\/index.php?rest_route=\/wp\/v2\/pages"}],"about":[{"href":"http:\/\/moebel.moebelkunde.de\/index.php?rest_route=\/wp\/v2\/types\/page"}],"author":[{"embeddable":true,"href":"http:\/\/moebel.moebelkunde.de\/index.php?rest_route=\/wp\/v2\/users\/1"}],"replies":[{"embeddable":true,"href":"http:\/\/moebel.moebelkunde.de\/index.php?rest_route=%2Fwp%2Fv2%2Fcomments&post=68"}],"version-history":[{"count":1,"href":"http:\/\/moebel.moebelkunde.de\/index.php?rest_route=\/wp\/v2\/pages\/68\/revisions"}],"predecessor-version":[{"id":69,"href":"http:\/\/moebel.moebelkunde.de\/index.php?rest_route=\/wp\/v2\/pages\/68\/revisions\/69"}],"up":[{"embeddable":true,"href":"http:\/\/moebel.moebelkunde.de\/index.php?rest_route=\/wp\/v2\/pages\/31"}],"wp:attachment":[{"href":"http:\/\/moebel.moebelkunde.de\/index.php?rest_route=%2Fwp%2Fv2%2Fmedia&parent=68"}],"curies":[{"name":"wp","href":"https:\/\/api.w.org\/{rel}","templated":true}]}}