{"id":57,"date":"2016-09-16T11:00:26","date_gmt":"2016-09-16T11:00:26","guid":{"rendered":"http:\/\/moebel.moebelkunde.de\/?page_id=57"},"modified":"2016-09-16T11:00:26","modified_gmt":"2016-09-16T11:00:26","slug":"die-technischen-eigenschaften-des-holz","status":"publish","type":"page","link":"http:\/\/moebel.moebelkunde.de\/?page_id=57","title":{"rendered":"Die technischen Eigenschaften des Holz"},"content":{"rendered":"<h2>DICHTE<\/h2>\n<p>Die Dichte der H\u00f6lzer hat einen entscheidenden Einflu\u00df auf die Gr\u00f6\u00dfe Ihrer Festigkeitswerte.<br \/>\nUnterschiedliche Dichte entsteht durch unterschiedliche Gr\u00f6\u00dfen der Zellhohlr\u00e4ume<br \/>\nJe schwerer die Holzart ist, umso besser sind seine Festigkeitseigenschaften.<br \/>\nDaher sind dichtere Laubh\u00f6lzer in der Regel auch fester als Nadelh\u00f6lzer.<\/p>\n<h2><a name=\"03c1989b8f14acd03\"><\/a>FESTIGKEIT<\/h2>\n<ul>\n<li>Ist der Widerstand, den das Holz verschiedenen Kr\u00e4ften entgegensetzt.<\/li>\n<li>Die Festigkeit wird beeinflusst durch das Gef\u00fcge des Holzes, die Holzfeuchtigkeit und die Dichte.<\/li>\n<li>Sie wird unterschieden nach :<\/li>\n<\/ul>\n<h2><a name=\"03c1989b980e55f01\"><\/a>ZUG &#8211; UND ZERREISSFESTIGKEI<\/h2>\n<p>ist der Widerstand des Holzes gegen das Zerrei\u00dfen seiner Fasern. Die Kraft wirkt l\u00e4ngs oder quer zur Faserrichtung.<\/p>\n<h2><a name=\"03c1989b980e5b902\"><\/a>DRUCKFESTIGKEIT<\/h2>\n<p>ist der Widerstand des Holzes gegen Zerdr\u00fccken, Zerquetschen oder Stauchen der Fasern. Die Kraft wirkt l\u00e4ngs oder quer zur Faserrichtung.<\/p>\n<h2><a name=\"03c1989b980e7f503\"><\/a>KNICKFESTIGKEIT<\/h2>\n<p>hei\u00dft der Widerstand des Holzes gegen seitliches Ausknicken(Biegen) infolge von Druckeinwirkung.<\/p>\n<h2><a name=\"03c1989b980e83b04\"><\/a>BIEGEFESTIGKEIT<\/h2>\n<p>ist der Widerstand des Holzes gegen Durchbiegung und Zerbrechen in Abh\u00e4ngigkeit von Faserverlauf, Rohdichte, Elastizit\u00e4t und Querschnitt des Holzteils.<\/p>\n<h2><a name=\"03c1989b980e8a605\"><\/a>SCHERFESTIGKEIT<\/h2>\n<p>nennt man den Widerstand, den das Holz dem Abschieben bzw. Abscheren von Teilen entgegensetzt.<br \/>\nScherbeanspruchungen treten auf bei Holzverbindungen mit N\u00e4gel oder mit Schrauben, bei Zinken &#8211; und Schwalbenschwanzverbindungen.<\/p>\n<h2><a name=\"03c1989b980e95606\"><\/a>SPALTFESTIGKEIT<\/h2>\n<p>ist der Widerstand des Holzes gegen das Auftrennen (Spalten) in Faserrichtung abh\u00e4ngig von H\u00e4rte, Holzfeuchte und Faserverlauf.<\/p>\n<h2><a name=\"03c1989b980eb8307\"><\/a>DREHFESTIGKEIT<\/h2>\n<p>(Torsionsfestigkeit) hei\u00dft der Widerstand des Holzes gegen das Abdrehen in der L\u00e4ngsachse (in Faserrichtung)<\/p>\n<h2><a name=\"03c1989b9e0d6e601\"><\/a>H\u00c4RTE<\/h2>\n<p>Die H\u00e4rte eines Holzes bestimmt den Widerstand, den es gegen Eindringen fremder K\u00f6rper setzt.<br \/>\nJe dichter ein Holz ist, desto h\u00e4rter ist es.<\/p>\n<h2><a name=\"03c1989b9e0d75d02\"><\/a>ELASTIZIT\u00c4T<\/h2>\n<p>Elastisch sind Holzarten, die eine durch Belastung entstandene Verformung nicht beibehalten, sondern von<br \/>\nselbst wieder die urspr\u00fcngliche Form annehmen. Besonders elastisch sind H\u00f6lzer mit langen Fasern. z.B. Esche<\/p>\n<h2><a name=\"03c1989b9e0d7e403\"><\/a>BIEGSAMKEIT<\/h2>\n<p>Biegsam sind H\u00f6lzer, die sich unter Belastung durchbiegen und diese Form auch behalten.<br \/>\nEs sind in der Regel kurzfasrige Holzarten.<br \/>\nBei hoher Feuchtigkeit und Temperatur werden die Holzteile verform.<br \/>\nDie weich gewordenen Faserverb\u00e4nde verschieben sich und bleiben nach dem Erkalten und Trocknen in der<br \/>\nneuen Form z.B. Buche, Ahorn<\/p>\n","protected":false},"excerpt":{"rendered":"<p>DICHTE Die Dichte der H\u00f6lzer hat einen entscheidenden Einflu\u00df auf die Gr\u00f6\u00dfe Ihrer Festigkeitswerte. Unterschiedliche Dichte entsteht durch unterschiedliche Gr\u00f6\u00dfen der Zellhohlr\u00e4ume Je schwerer die Holzart ist, umso besser sind seine Festigkeitseigenschaften. Daher sind dichtere Laubh\u00f6lzer in der Regel auch fester als Nadelh\u00f6lzer. FESTIGKEIT Ist der Widerstand, den das Holz verschiedenen Kr\u00e4ften entgegensetzt. Die Festigkeit &hellip; <a href=\"http:\/\/moebel.moebelkunde.de\/?page_id=57\" class=\"more-link\"><span class=\"screen-reader-text\">Die technischen Eigenschaften des Holz<\/span> weiterlesen <span class=\"meta-nav\">&rarr;<\/span><\/a><\/p>\n","protected":false},"author":1,"featured_media":0,"parent":31,"menu_order":0,"comment_status":"closed","ping_status":"closed","template":"","meta":[],"_links":{"self":[{"href":"http:\/\/moebel.moebelkunde.de\/index.php?rest_route=\/wp\/v2\/pages\/57"}],"collection":[{"href":"http:\/\/moebel.moebelkunde.de\/index.php?rest_route=\/wp\/v2\/pages"}],"about":[{"href":"http:\/\/moebel.moebelkunde.de\/index.php?rest_route=\/wp\/v2\/types\/page"}],"author":[{"embeddable":true,"href":"http:\/\/moebel.moebelkunde.de\/index.php?rest_route=\/wp\/v2\/users\/1"}],"replies":[{"embeddable":true,"href":"http:\/\/moebel.moebelkunde.de\/index.php?rest_route=%2Fwp%2Fv2%2Fcomments&post=57"}],"version-history":[{"count":1,"href":"http:\/\/moebel.moebelkunde.de\/index.php?rest_route=\/wp\/v2\/pages\/57\/revisions"}],"predecessor-version":[{"id":58,"href":"http:\/\/moebel.moebelkunde.de\/index.php?rest_route=\/wp\/v2\/pages\/57\/revisions\/58"}],"up":[{"embeddable":true,"href":"http:\/\/moebel.moebelkunde.de\/index.php?rest_route=\/wp\/v2\/pages\/31"}],"wp:attachment":[{"href":"http:\/\/moebel.moebelkunde.de\/index.php?rest_route=%2Fwp%2Fv2%2Fmedia&parent=57"}],"curies":[{"name":"wp","href":"https:\/\/api.w.org\/{rel}","templated":true}]}}