{"id":48,"date":"2016-09-14T17:16:28","date_gmt":"2016-09-14T17:16:28","guid":{"rendered":"http:\/\/moebel.moebelkunde.de\/?page_id=48"},"modified":"2022-03-05T17:51:34","modified_gmt":"2022-03-05T17:51:34","slug":"splintholz","status":"publish","type":"page","link":"http:\/\/moebel.moebelkunde.de\/?page_id=48","title":{"rendered":"Splintholz"},"content":{"rendered":"\n<h3>\u00a0\u00a0\u00a0<\/h3>\n\n\n\n<h3>Querschnitt durch einen Eiben-Stamm<\/h3>\n\n\n\n<p>(das helle Splintholz ist farblich deutlich vom dunklen Kernholz abgesetzt)<\/p>\n\n\n\n<p><b>Splintholz<\/b> ist das junge, physiologisch aktive Holz unterhalb des Kambium im Stamm eines Baumes. Seine Kapillaren leiten Wasser und N\u00e4hrstoffe in die Baumkrone und speichern Zucker und St\u00e4rke im Parenchym. Mit zunehmendem Alter verliert das Splintgewebe an Lebenskraft und verwandelt sich bei manchen Baumarten in Kernholz. Diesen Vorgang nennt man Verkernung. Splintholzb\u00e4ume sind B\u00e4ume mit verz\u00f6gerter Kernholzbildung, es bestehen keine Farb- und Feuchteunterschiede zwischen Kern- und Splintholz. <b>Hierzu geh\u00f6ren z.&nbsp;B.<\/b><b>Birke<\/b><b>, <\/b><b>Erle<\/b><b> und <\/b><b>Ahorn<\/b><b>. Ihr Holz hat \u00fcber den gesamten Querschnitt Splintcharakter<\/b>.<\/p>\n\n\n\n<p>Splintholz weist als Nutzholz keine nat\u00fcrliche Dauerhaftigkeit auf. F\u00fcr Holz im Au\u00dfeneinsatz wird der Splint daher bei der Verarbeitung entweder entfernt oder dessen Dauerhaftigkeit durch Einbringen chemischer Holzschutzmittel erh\u00f6ht. Ein Beispiel f\u00fcr diesen Anwendungsbereich sind Holzmasten. Entgegen h\u00e4ufiger Darstellungen unterscheiden sich Kern- und Splintholz kaum hinsichtlich Dichte und Festigkeit. So hat das Splintholz der Eichen eine Dichte von 1550 kg\/m\u00b3 bis 1560 kg\/m\u00b3, w\u00e4hrend der Wert f\u00fcr den Kern etwa 1590 kg\/m\u00b3 betr\u00e4gt.<\/p>\n\n\n\n<p>Bei Eichen und einigen anderen Baumarten treten h\u00e4ufig helle, konzentrische Zonen scheinbar unverkernten Holzes innerhalb des Kernholzes auf (Mondring). Dieses Merkmal wird oft f\u00e4lschlicherweise als eingeschlossenes Splintholz bezeichnet. Es stellt jedoch kein Splintholz dar, sondern fehlerhaft verkerntes Holz. Als Ursache gelten Sch\u00e4digungen des Parenchyms w\u00e4hrend der Verkernung infolge starker Fr\u00f6ste in Kombination mit Starkastbr\u00fcchen im Winter. Nachteil des Splintholzes ist die Befallsgefahr durch den Bl\u00e4uepilz, der das Splintholz der Nadelb\u00e4ume bevorzugt.<\/p>\n","protected":false},"excerpt":{"rendered":"<p>\u00a0\u00a0\u00a0 Querschnitt durch einen Eiben-Stamm (das helle Splintholz ist farblich deutlich vom dunklen Kernholz abgesetzt) Splintholz ist das junge, physiologisch aktive Holz unterhalb des Kambium im Stamm eines Baumes. Seine Kapillaren leiten Wasser und N\u00e4hrstoffe in die Baumkrone und speichern Zucker und St\u00e4rke im Parenchym. Mit zunehmendem Alter verliert das Splintgewebe an Lebenskraft und verwandelt &hellip; <a href=\"http:\/\/moebel.moebelkunde.de\/?page_id=48\" class=\"more-link\"><span class=\"screen-reader-text\">Splintholz<\/span> weiterlesen <span class=\"meta-nav\">&rarr;<\/span><\/a><\/p>\n","protected":false},"author":1,"featured_media":0,"parent":31,"menu_order":0,"comment_status":"closed","ping_status":"closed","template":"","meta":[],"_links":{"self":[{"href":"http:\/\/moebel.moebelkunde.de\/index.php?rest_route=\/wp\/v2\/pages\/48"}],"collection":[{"href":"http:\/\/moebel.moebelkunde.de\/index.php?rest_route=\/wp\/v2\/pages"}],"about":[{"href":"http:\/\/moebel.moebelkunde.de\/index.php?rest_route=\/wp\/v2\/types\/page"}],"author":[{"embeddable":true,"href":"http:\/\/moebel.moebelkunde.de\/index.php?rest_route=\/wp\/v2\/users\/1"}],"replies":[{"embeddable":true,"href":"http:\/\/moebel.moebelkunde.de\/index.php?rest_route=%2Fwp%2Fv2%2Fcomments&post=48"}],"version-history":[{"count":3,"href":"http:\/\/moebel.moebelkunde.de\/index.php?rest_route=\/wp\/v2\/pages\/48\/revisions"}],"predecessor-version":[{"id":225,"href":"http:\/\/moebel.moebelkunde.de\/index.php?rest_route=\/wp\/v2\/pages\/48\/revisions\/225"}],"up":[{"embeddable":true,"href":"http:\/\/moebel.moebelkunde.de\/index.php?rest_route=\/wp\/v2\/pages\/31"}],"wp:attachment":[{"href":"http:\/\/moebel.moebelkunde.de\/index.php?rest_route=%2Fwp%2Fv2%2Fmedia&parent=48"}],"curies":[{"name":"wp","href":"https:\/\/api.w.org\/{rel}","templated":true}]}}