{"id":35,"date":"2016-09-14T16:59:04","date_gmt":"2016-09-14T16:59:04","guid":{"rendered":"http:\/\/moebel.moebelkunde.de\/?page_id=35"},"modified":"2016-09-14T17:10:31","modified_gmt":"2016-09-14T17:10:31","slug":"der-baum","status":"publish","type":"page","link":"http:\/\/moebel.moebelkunde.de\/?page_id=35","title":{"rendered":"Der Baum"},"content":{"rendered":"<p><img loading=\"lazy\" class=\"alignnone size-full wp-image-40\" src=\"http:\/\/moebel.moebelkunde.de\/wp-content\/uploads\/2016\/09\/baum1_160.jpg\" alt=\"baum1_160\" width=\"160\" height=\"172\" \/><\/p>\n<ul>\n<li>Besteht aus Wurzeln \u2013 Stamm \u2013 Krone<\/li>\n<li>Stamm ist der wertvollste Baumteil f\u00fcr die M\u00f6belindustrie<\/li>\n<li>Wurzeln dienen der N\u00e4hrstoffaufnahme und zur Festigung<\/li>\n<li>Wasser steigt durch die d\u00fcnnen Leitungstr\u00f6hren (Kapillare) bis in die Krone<\/li>\n<\/ul>\n<div class=\"clearer\"><\/div>\n<h2><a name=\"03c1989b870e4a551\"><\/a>WIE WIRD SAUERSTOFF ERZEUGT ?<\/h2>\n<p>An der Unterseite der Bl\u00e4tter befinden sich kleine Spalt\u00f6ffnungen, durch die das Kohlendioxid aufgenommen wird.<br \/>\nUnter Mitwirkung des Blattgr\u00fcns (Chlorophyll) und in Verbindung mit Wasser und Sonnenenergie findet eine Umwandlung des Kohlendioxids statt.<br \/>\nHierbei wird zun\u00e4chst Traubenzucker erzeugt und der freiwerdende Sauerstoff ausgeschieden.<br \/>\nAnschlie\u00dfend erfolgt die Umwandlung zu St\u00e4rke, die durch Verfielfachung<br \/>\ndieses Prozesses zum eigentlichen Baustoff des Holzes wird : <b>Zellulose<br \/>\n<\/b>Diese Umwandlung von Wasser und Kohlendioxid zu Traubenzucker und Sauerstoff<br \/>\nwird in der Biologie als <b>Photosynthese<\/b> bezeichnet.<\/p>\n<h2><a name=\"03c1989b870e50e52\"><\/a>WIE W\u00c4CHST DER BAUM ?<\/h2>\n<ul>\n<li>Grundbaustein sind Zellen, Vermehrung durch Teilung. Es wird ein L\u00e4ngen \u2013 und Dickenwachstum bewirkt.<\/li>\n<li><b>L\u00e4ngenwachstum<\/b> schneller als Dickenwachstum (nach oben mehr teilungsf\u00e4hige Zellen vorhanden)<\/li>\n<li><b>Dickenwachstum : <\/b>Der junge Spro\u00df eines Baumes besteht zun\u00e4chst nur aus einer<b>Markr\u00f6hre<\/b>, die von einer d\u00fcnnen Schicht aus lebenden Zellen umgeben ist. Diese Schicht wird <b>Kambium<\/b> genannt. Im Kambium findet ausschlie\u00dflich das Dickenwachstum statt.<\/li>\n<li>Die Zellen des Kambium werden nach innen als neue Holzzellen und nach au\u00dfen als Zuwachs der Innenrinde (Bast) ausgeschieden.<\/li>\n<li>F\u00fcr die Zellteilung m\u00fcssen die Zellen ausreichend mit Aufbaustoffen versorgt werden. Dieser N\u00e4hrstofftransport geschieht im Bast, der sich zwischen Kambium und Rinde befindet.<\/li>\n<li>Da die Zellteilung rund um die Markr\u00f6hre stattfindet, bilden die neuen Zellen ringartige Zuwachszonen.<\/li>\n<li>Im Fr\u00fchjahr geht die Zellteilung rascher vor sich, und es bildet sich aus den gr\u00f6\u00dferen , weicheren Zellen ein heller <b>Fr\u00fchholzring<\/b>.<\/li>\n<li>In den Sommermonaten l\u00e4uft dagegen die Zellteilung wesentlich langsamer ab. Es bildet sich ein dunkler <b>Sp\u00e4tholzring<\/b><\/li>\n<li>In der Wachstumsperiode entstehen also 2 Ringe, die man zusammen als Jahresringe bezeichnet. An der Zahl der Ringe kann man so das Alter des Baumes ablesen. Diese sind allerdings bei Nadel \u2013 und Laubh\u00f6lzern unterschiedlich ausgepr\u00e4gt.<\/li>\n<li>Bei <b>Nadelh\u00f6lzern<\/b> zeichnen sich die Jahresringgrenzen deutlich ab, w\u00e4hrend jedoch der \u00dcbergang von Fr\u00fch \u2013 zu Sp\u00e4tholzring fast nahtlos ist. Es sind keine Poren zu erkennen.<\/li>\n<li>Ein Unterscheidung nach Fr\u00fch \u2013 und Sp\u00e4tholzring ist bei <b>Laubh\u00f6lzern<\/b> abh\u00e4ngig von der<b>Porenstruktur<\/b><\/li>\n<\/ul>\n<h2><a name=\"03c1989b880d1eb05\"><\/a>WAS HAT ES MIT DEN POREN AUFSICH ?<\/h2>\n<p><b>Grobporig<\/b> bezeichnet man H\u00f6lzer bei denen man mit blo\u00dfem Auge die L\u00f6cher (Poren) sehen kann (Eiche, Nussbaum, Esche)<br \/>\nBei <b>feinporige<\/b> H\u00f6lzer kann man nur mit entsprechender Vergr\u00f6\u00dferung die Poren erkennen (Ahorn, Buche, Linde)<br \/>\n<b>Ringporige<\/b> H\u00f6lzer beginnen am Fr\u00fchholzring mit einem Kranz gut sichtbarer Poren (Eiche, Kirschbaum, Esche)<br \/>\nBei <b>zerstreutporigen<\/b> H\u00f6lzern sind die Poren \u00fcber die gesamten Jahresringe gleich verteilt. (Buche, Ahorn, Nussbaum)<br \/>\nIn den immer gr\u00fcnen Regenw\u00e4ldern der Tropen wachsen Laubb\u00e4ume die \u00fcberwiegend zerstreutporig sind.<br \/>\nDurch die regelm\u00e4\u00dfigen Niederschl\u00e4ge und die gleichm\u00e4\u00dfig hohe Temperatur bilden sich keine Jahresringgrenzen.<\/p>\n","protected":false},"excerpt":{"rendered":"<p>Besteht aus Wurzeln \u2013 Stamm \u2013 Krone Stamm ist der wertvollste Baumteil f\u00fcr die M\u00f6belindustrie Wurzeln dienen der N\u00e4hrstoffaufnahme und zur Festigung Wasser steigt durch die d\u00fcnnen Leitungstr\u00f6hren (Kapillare) bis in die Krone WIE WIRD SAUERSTOFF ERZEUGT ? An der Unterseite der Bl\u00e4tter befinden sich kleine Spalt\u00f6ffnungen, durch die das Kohlendioxid aufgenommen wird. Unter Mitwirkung &hellip; <a href=\"http:\/\/moebel.moebelkunde.de\/?page_id=35\" class=\"more-link\"><span class=\"screen-reader-text\">Der Baum<\/span> weiterlesen <span class=\"meta-nav\">&rarr;<\/span><\/a><\/p>\n","protected":false},"author":1,"featured_media":0,"parent":31,"menu_order":0,"comment_status":"closed","ping_status":"closed","template":"","meta":[],"_links":{"self":[{"href":"http:\/\/moebel.moebelkunde.de\/index.php?rest_route=\/wp\/v2\/pages\/35"}],"collection":[{"href":"http:\/\/moebel.moebelkunde.de\/index.php?rest_route=\/wp\/v2\/pages"}],"about":[{"href":"http:\/\/moebel.moebelkunde.de\/index.php?rest_route=\/wp\/v2\/types\/page"}],"author":[{"embeddable":true,"href":"http:\/\/moebel.moebelkunde.de\/index.php?rest_route=\/wp\/v2\/users\/1"}],"replies":[{"embeddable":true,"href":"http:\/\/moebel.moebelkunde.de\/index.php?rest_route=%2Fwp%2Fv2%2Fcomments&post=35"}],"version-history":[{"count":2,"href":"http:\/\/moebel.moebelkunde.de\/index.php?rest_route=\/wp\/v2\/pages\/35\/revisions"}],"predecessor-version":[{"id":41,"href":"http:\/\/moebel.moebelkunde.de\/index.php?rest_route=\/wp\/v2\/pages\/35\/revisions\/41"}],"up":[{"embeddable":true,"href":"http:\/\/moebel.moebelkunde.de\/index.php?rest_route=\/wp\/v2\/pages\/31"}],"wp:attachment":[{"href":"http:\/\/moebel.moebelkunde.de\/index.php?rest_route=%2Fwp%2Fv2%2Fmedia&parent=35"}],"curies":[{"name":"wp","href":"https:\/\/api.w.org\/{rel}","templated":true}]}}