{"id":161,"date":"2016-09-19T16:57:54","date_gmt":"2016-09-19T16:57:54","guid":{"rendered":"http:\/\/moebel.moebelkunde.de\/?page_id=161"},"modified":"2016-09-19T16:57:54","modified_gmt":"2016-09-19T16:57:54","slug":"lederpflege","status":"publish","type":"page","link":"http:\/\/moebel.moebelkunde.de\/?page_id=161","title":{"rendered":"Lederpflege"},"content":{"rendered":"<p>Sch\u00fctzen Sie Ihre Lederm\u00f6bel immer vor direkter Sonnenbestrahlung. Auch zuviel W\u00e4rme (Achtung Heizung!) trocknet das Leder aus und macht es spr\u00f6de.<\/p>\n<p>Lederpflege selbst ist gar nicht schwer:<\/p>\n<p>Sie k\u00f6nnen das Leder regelm\u00e4\u00dfig mit einem weichen, leicht feuchten Tuch abstauben und es bei Bedarf mit einer milden Seifenl\u00f6sung reinigen. Die Nachbehandlung erfolgt mit klarem Wasser. Getrocknet wird danach mit einem Wolltuch. Um die Impr\u00e4gnierung wieder herzustellen und um das Leder geschmeidig zu halten, sollten Sie nach der Reinigung ein Spezialpflegemittel (im M\u00f6belfachhandel erh\u00e4ltlich) auftragen.<\/p>\n<p>Wichtig: immer zuerst eine Probebehandlung an verdeckter Stelle durchf\u00fchren &#8211; man wei\u00df im Ernstfall nie, wie das Leder auf ein Pflegemittel reagiert.<\/p>\n<p>Fl\u00fcssigkeiten sollten Sie sofort mit einem saugf\u00e4higen Tuch oder Papier aufnehmen. Angetrockneten Schmutz, Flecken von Speisen oder Fett beseitigen Sie am besten mit einem Impr\u00e4gnierschaum, in handwarmem Wasser gel\u00f6st. Sie feuchten ein weiches Tuch an, dr\u00fccken es gut aus und wischen den Fleck gro\u00dffl\u00e4chig ab, ohne dabei jedoch das Leder zu durchfeuchten. Dann trocknen Sie einfach mit einem Wolltuch nach.<\/p>\n<p>Vermeiden Sie alle aggressiven Mittel wie: Fleckenentferner, L\u00f6sungsmittel, Terpentin und Benzin &#8211; aber auch Bohnerwachs oder Schuhcreme sind absolut ungeeignet!<\/p>\n<p>Speckig erscheinende Stellen im Leder k\u00f6nnen mit einer weichen B\u00fcrste oder einem Schaumstoffschwamm wieder aufrauht werden. Angetrockenten Schmutz k\u00f6nnen Sie mit dem Staubsauger (B\u00fcrstenvorsatz) vorsichtig absaugen. Fl\u00fcssigkeiten m\u00fcssen sofort mit einem saugf\u00e4higen Tuch oder Papier aufgenommen werden. Flecken von Speisen oder Fett beseitigen Sie am besten mit einer handwarmen Feinwaschmittell\u00f6sung. Sie feuchten ein weiches Tuch an, dr\u00fccken es gut aus und wischen den Fleck gro\u00dffl\u00e4chig ab, ohne dabei jedoch das Leder zu druchfeuchten. Dann trocknen Sie einfach mit einem Wolltuch. Gut durchtrocknen lassen und mit der B\u00fcrste wieder aufrauhen. Eventuell noch sichtbare Fettflecken ziehen mit der Zeit in das Leder ein. Zur Impr\u00e4gnierung von Rauhleder verwenden Sie am besten ein umweltfreundliches und entsprechend geeignetes Spray aus dem M\u00f6belfachhandel f\u00fcr Lederm\u00f6bel.<\/p>\n<p>Einige Leder sind dauerhaft impr\u00e4gniert und gegen das Eindringen von Fetten und \u00d6len gesch\u00fctzt. Getr\u00e4nke sofort mit einem Schwamm oder Papier abtupfen. Feinwaschmittel oder Neutralseife in handwarmem Wasser aufl\u00f6sen; verschmutzte Stellen leicht kreisend mit viel Fl\u00fcssigkeit bearbeiten. Verschmutzung mit sauberem Tuch abwischen. Mit viel klarem Wasser nachbehandeln. Flecken immer sorgf\u00e4ltig bearbeiten. Leder im Abstand von 30 bis 40 cm mit nicht zu hei\u00dfem F\u00f6n trocknen. Bei \u00f6l- und fetthaltigen Verschmutzungen Reinigung \u00f6fter wiederholen; im Notfall einen Fachmann hinzuziehen. Die Lederhersteller haben in der Regel f\u00fcr ihre Produkte Spezialpflegemittel mit ausf\u00fchrlichen Anwendungshinweisen bereitgestellt.<\/p>\n","protected":false},"excerpt":{"rendered":"<p>Sch\u00fctzen Sie Ihre Lederm\u00f6bel immer vor direkter Sonnenbestrahlung. Auch zuviel W\u00e4rme (Achtung Heizung!) trocknet das Leder aus und macht es spr\u00f6de. Lederpflege selbst ist gar nicht schwer: Sie k\u00f6nnen das Leder regelm\u00e4\u00dfig mit einem weichen, leicht feuchten Tuch abstauben und es bei Bedarf mit einer milden Seifenl\u00f6sung reinigen. Die Nachbehandlung erfolgt mit klarem Wasser. Getrocknet &hellip; <a href=\"http:\/\/moebel.moebelkunde.de\/?page_id=161\" class=\"more-link\"><span class=\"screen-reader-text\">Lederpflege<\/span> weiterlesen <span class=\"meta-nav\">&rarr;<\/span><\/a><\/p>\n","protected":false},"author":1,"featured_media":0,"parent":152,"menu_order":0,"comment_status":"closed","ping_status":"closed","template":"","meta":[],"_links":{"self":[{"href":"http:\/\/moebel.moebelkunde.de\/index.php?rest_route=\/wp\/v2\/pages\/161"}],"collection":[{"href":"http:\/\/moebel.moebelkunde.de\/index.php?rest_route=\/wp\/v2\/pages"}],"about":[{"href":"http:\/\/moebel.moebelkunde.de\/index.php?rest_route=\/wp\/v2\/types\/page"}],"author":[{"embeddable":true,"href":"http:\/\/moebel.moebelkunde.de\/index.php?rest_route=\/wp\/v2\/users\/1"}],"replies":[{"embeddable":true,"href":"http:\/\/moebel.moebelkunde.de\/index.php?rest_route=%2Fwp%2Fv2%2Fcomments&post=161"}],"version-history":[{"count":1,"href":"http:\/\/moebel.moebelkunde.de\/index.php?rest_route=\/wp\/v2\/pages\/161\/revisions"}],"predecessor-version":[{"id":162,"href":"http:\/\/moebel.moebelkunde.de\/index.php?rest_route=\/wp\/v2\/pages\/161\/revisions\/162"}],"up":[{"embeddable":true,"href":"http:\/\/moebel.moebelkunde.de\/index.php?rest_route=\/wp\/v2\/pages\/152"}],"wp:attachment":[{"href":"http:\/\/moebel.moebelkunde.de\/index.php?rest_route=%2Fwp%2Fv2%2Fmedia&parent=161"}],"curies":[{"name":"wp","href":"https:\/\/api.w.org\/{rel}","templated":true}]}}