{"id":159,"date":"2016-09-19T16:57:24","date_gmt":"2016-09-19T16:57:24","guid":{"rendered":"http:\/\/moebel.moebelkunde.de\/?page_id=159"},"modified":"2016-09-19T16:57:24","modified_gmt":"2016-09-19T16:57:24","slug":"moebelpflege","status":"publish","type":"page","link":"http:\/\/moebel.moebelkunde.de\/?page_id=159","title":{"rendered":"M\u00f6belpflege"},"content":{"rendered":"<h2>WEICHHOLZ BIS HARTHOLZ<\/h2>\n<p>Ein einfaches Staubtuch ist f\u00fcr die Pflege ideal. Besondere Verschmutzungen mit einem leicht angefeuchteten Fensterleder wischen und mit einem weichen und trockenen Staubtuch nachreiben. Wischen Sie am besten immer in Richtung der Maserung.<\/p>\n<p>Vorsicht mit Sprays und Polituren. Falsche Mittel k\u00f6nnten die Oberfl\u00e4che angreifen und Flecken hervorrufen, die nicht wieder zu entfernen sind. Verwenden Sie am besten die von uns empfohlenen Pflegemittel. Beachten Sie die spezifischen Hinweise von M\u00f6bel- und Pflegemittelherstellern!<\/p>\n<p>Grobporige H\u00f6lzer wie Eiche oder Esche sollten Sie \u00fcberhaupt nicht mit Politur behandeln. Auch feuchtes Abwischen sollte hierbei vermieden werden. R\u00fcckst\u00e4nde k\u00f6nnen sich in die Poren setzen und das Oberfl\u00e4chenbild kann grau werden.<\/p>\n<p>Gleichm\u00e4\u00dfige Lichtverh\u00e4ltnisse -besonders bei Weichh\u00f6lzern- sind f\u00fcr eine Fleckenvermeidung empfehlenswert. St\u00e4ndig bedeckte Fl\u00e4chen dunkeln im \u00dcbrigen nicht nach.<\/p>\n<h2><a name=\"03c1989b930a7ae05\"><\/a>MASSIVHOLZM\u00d6BEL<\/h2>\n<p>Bei st\u00e4rkeren Temperaturschwankungen und ver\u00e4nderter Luftfeuchtigkeit neigt das Holz zum Arbeiten, es dehnt sich aus oder zieht sich zusammen. Ideal ist ein gleichbleibendes Klima mit einer konstanten Luftfeuchtigkeit zwischen 55 bis 60%.<\/p>\n<p>Kieferm\u00f6bel sind harzdurchdrungen und dunkeln deshalb st\u00e4rker nach als andere M\u00f6bel. F\u00fcr die Beseitigung kleiner Harzpartikel gibt es spezielle Pflegemittel.<\/p>\n<p>Gewachste Oberfl\u00e4chen sind sehr feuchtigkeitsempfindlich. Darum jede Fl\u00fcssigkeit sofort mit einem Tuch aufsaugen und gr\u00fcndlich entfernen. Abstauben oder leicht feucht wischen, ggf. auch mit Pflanzenseife. Nachwischen mit einer Bienenwachs-Pflegeemulsion. Nach dem Trocknen mit einem flusenfreien Tuch polieren. Stumpfe Oberfl\u00e4chen bitte mit Pflanzenseife reinigen und d\u00fcnn nachwachsen mit Bienenwachs-Streichbalsam. Nach dem Trocknen mu\u00df poliert werden. Starke Verschmutzungen k\u00f6nnen mit Wachsbalsam-Reiniger entfernt werden. In hartn\u00e4ckigen F\u00e4llen k\u00f6nnen Sie den Reiniger zusammen mit einem Polierflies oder wirklich ganz feinem Schleifpapier anwenden.<\/p>\n<p>Immer in Holzfaserrichtung reiben! Danach wie stumpfe Oberfl\u00e4chenpflege behandeln. Sch\u00e4den k\u00f6nnen vorsichtig mit Schleifpapier ausgeschliffen werden. Danach werden die Stellen mit Naturharz\u00f6l &#8211; Impr\u00e4gniergrund ge\u00f6lt und nachgewachst.<\/p>\n<h2><a name=\"03c1989b930a7ea06\"><\/a>FURNIERHOLZ<\/h2>\n<p>Allgemein bed\u00fcrfen furnierte M\u00f6bel keiner besonderen Pflege. Ein antistatisches oder normales Staubtuch gen\u00fcgt. Ein feuchtes Fensterleder entfernt Verschmutzungen wie z.B. Fingerabdr\u00fccke. Reiben Sie mit einem weichen Staubtuch in Richtung der Maserung nach.<\/p>\n","protected":false},"excerpt":{"rendered":"<p>WEICHHOLZ BIS HARTHOLZ Ein einfaches Staubtuch ist f\u00fcr die Pflege ideal. Besondere Verschmutzungen mit einem leicht angefeuchteten Fensterleder wischen und mit einem weichen und trockenen Staubtuch nachreiben. Wischen Sie am besten immer in Richtung der Maserung. Vorsicht mit Sprays und Polituren. Falsche Mittel k\u00f6nnten die Oberfl\u00e4che angreifen und Flecken hervorrufen, die nicht wieder zu entfernen &hellip; <a href=\"http:\/\/moebel.moebelkunde.de\/?page_id=159\" class=\"more-link\"><span class=\"screen-reader-text\">M\u00f6belpflege<\/span> weiterlesen <span class=\"meta-nav\">&rarr;<\/span><\/a><\/p>\n","protected":false},"author":1,"featured_media":0,"parent":152,"menu_order":0,"comment_status":"closed","ping_status":"closed","template":"","meta":[],"_links":{"self":[{"href":"http:\/\/moebel.moebelkunde.de\/index.php?rest_route=\/wp\/v2\/pages\/159"}],"collection":[{"href":"http:\/\/moebel.moebelkunde.de\/index.php?rest_route=\/wp\/v2\/pages"}],"about":[{"href":"http:\/\/moebel.moebelkunde.de\/index.php?rest_route=\/wp\/v2\/types\/page"}],"author":[{"embeddable":true,"href":"http:\/\/moebel.moebelkunde.de\/index.php?rest_route=\/wp\/v2\/users\/1"}],"replies":[{"embeddable":true,"href":"http:\/\/moebel.moebelkunde.de\/index.php?rest_route=%2Fwp%2Fv2%2Fcomments&post=159"}],"version-history":[{"count":1,"href":"http:\/\/moebel.moebelkunde.de\/index.php?rest_route=\/wp\/v2\/pages\/159\/revisions"}],"predecessor-version":[{"id":160,"href":"http:\/\/moebel.moebelkunde.de\/index.php?rest_route=\/wp\/v2\/pages\/159\/revisions\/160"}],"up":[{"embeddable":true,"href":"http:\/\/moebel.moebelkunde.de\/index.php?rest_route=\/wp\/v2\/pages\/152"}],"wp:attachment":[{"href":"http:\/\/moebel.moebelkunde.de\/index.php?rest_route=%2Fwp%2Fv2%2Fmedia&parent=159"}],"curies":[{"name":"wp","href":"https:\/\/api.w.org\/{rel}","templated":true}]}}