{"id":154,"date":"2016-09-19T16:54:26","date_gmt":"2016-09-19T16:54:26","guid":{"rendered":"http:\/\/moebel.moebelkunde.de\/?page_id=154"},"modified":"2016-09-19T16:56:32","modified_gmt":"2016-09-19T16:56:32","slug":"fleckenbehandlung","status":"publish","type":"page","link":"http:\/\/moebel.moebelkunde.de\/?page_id=154","title":{"rendered":"Fleckenbehandlung"},"content":{"rendered":"<table class=\"cells\" width=\"100%\" cellspacing=\"2\" cellpadding=\"2\">\n<tbody>\n<tr>\n<td class=\"headercell\" align=\"left\" valign=\"top\"><span style=\"color: #0000ff;\"><b>Fleckenart<\/b><\/span><\/td>\n<td class=\"headercell\" align=\"left\" valign=\"top\"><span style=\"color: #0000ff;\"><b>Reinigungsmittel<\/b><\/span><\/td>\n<td class=\"headercell\" align=\"left\" valign=\"top\"><span style=\"color: #0000ff;\"><b>Behandlung<\/b><\/span><\/td>\n<\/tr>\n<tr>\n<td class=\"headercell\" align=\"left\" valign=\"top\"><b>Cola-Getr\u00e4nke<\/b><\/td>\n<td class=\"cell\" align=\"left\" valign=\"top\">Polstershampoo, Feinwaschmittel<\/td>\n<td class=\"cell\" align=\"left\" valign=\"top\">Nur nicht eintrocknen lassen. Fleck mit einer L\u00f6sung aus Polstershampoo und Wasser beseitigen.<\/td>\n<\/tr>\n<tr>\n<td class=\"headercell\" align=\"left\" valign=\"top\"><b>Eiwei\u00df, Eigelb<\/b><\/td>\n<td class=\"cell\" align=\"left\" valign=\"top\">Polstershampoo, Feinwaschmittel<\/td>\n<td class=\"cell\" align=\"left\" valign=\"top\">Mit kaltem Wasser und Polstershampoo behandeln. Anschlie\u00dfend trocknen lassen.<\/td>\n<\/tr>\n<tr>\n<td class=\"headercell\" align=\"left\" valign=\"top\"><b>Farbe, \u00d6lpigmente<\/b><\/td>\n<td class=\"cell\" align=\"left\" valign=\"top\">Terpentin, Fleckenmittel,<\/td>\n<td class=\"cell\" align=\"left\" valign=\"top\">Mit einem hellen, m\u00f6glichst wei\u00dfen Tuch die Farbe entfernen, anschlie\u00dfend mit Benzin oder Fleckenmittel nachbehandeln.<\/td>\n<\/tr>\n<tr>\n<td class=\"headercell\" align=\"left\" valign=\"top\"><\/td>\n<td class=\"cell\" align=\"left\" valign=\"top\">Benzin<\/td>\n<td class=\"cell\" align=\"left\" valign=\"top\"><\/td>\n<\/tr>\n<tr>\n<td class=\"headercell\" align=\"left\" valign=\"top\"><b>Fett<\/b><\/td>\n<td class=\"cell\" align=\"left\" valign=\"top\">Waschbenzin, Spiritus, Fleckenmittel<\/td>\n<td class=\"cell\" align=\"left\" valign=\"top\">Mit Spiritus und weichem Tuch abreiben. Achtung! &#8211; Veloursstoffe niemals mit L\u00f6sungsmittel behandeln.<\/td>\n<\/tr>\n<tr>\n<td class=\"headercell\" align=\"left\" valign=\"top\"><\/td>\n<td class=\"cell\" align=\"left\" valign=\"top\"><\/td>\n<td class=\"cell\" align=\"left\" valign=\"top\"><\/td>\n<\/tr>\n<tr>\n<td class=\"headercell\" align=\"left\" valign=\"top\"><b>Fruchts\u00e4fte<\/b><\/td>\n<td class=\"cell\" align=\"left\" valign=\"top\">Polstershampoo, Wasser<\/td>\n<td class=\"cell\" align=\"left\" valign=\"top\">Nicht eintrocknen lassen. Mit lauwarmer L\u00f6sung aus Polstershampoo und Wasser beseitigen.<\/td>\n<\/tr>\n<tr>\n<td class=\"headercell\" align=\"left\" valign=\"top\"><b>Kaffee<\/b><\/td>\n<td class=\"cell\" align=\"left\" valign=\"top\">Benzinseife, warmes Wasser<\/td>\n<td class=\"cell\" align=\"left\" valign=\"top\">Nicht eintrocknen lassen! Wei\u00dfes Tuch mit wenig Benzinseife tr\u00e4nken und dann abreiben. Anschlie\u00dfend lauwarmes Wasser zum Nachreiben benutzen.<\/td>\n<\/tr>\n<tr>\n<td class=\"headercell\" align=\"left\" valign=\"top\"><\/td>\n<td class=\"cell\" align=\"left\" valign=\"top\"><\/td>\n<td class=\"cell\" align=\"left\" valign=\"top\"><\/td>\n<\/tr>\n<tr>\n<td class=\"headercell\" align=\"left\" valign=\"top\"><b>Kakao<\/b><\/td>\n<td class=\"cell\" align=\"left\" valign=\"top\">Feinwaschmittel<\/td>\n<td class=\"cell\" align=\"left\" valign=\"top\">Nicht eintrocknen lassen! Lauwarme L\u00f6sung aus Wasser und Feinwaschmittel benutzen, danach mit einem wei\u00dfen Tuch abreiben.<\/td>\n<\/tr>\n<tr>\n<td class=\"headercell\" align=\"left\" valign=\"top\"><b>Kerzenwachs<\/b><\/td>\n<td class=\"cell\" align=\"left\" valign=\"top\">Waschbenzin<\/td>\n<td class=\"cell\" align=\"left\" valign=\"top\">Der Wachs ist m\u00f6glichst zu zerbr\u00f6seln.Kein B\u00fcgeleisen benutzen. Dann mit Waschbenzin mehrfach betupfen. Achtung bei Veloursstoffen, es k\u00f6nnen sich F\u00e4den ziehen.<\/td>\n<\/tr>\n<tr>\n<td class=\"headercell\" align=\"left\" valign=\"top\"><b>Kugelschreiber<\/b><\/td>\n<td class=\"cell\" align=\"left\" valign=\"top\">Benzin, Benzol<\/td>\n<td class=\"cell\" align=\"left\" valign=\"top\">Wei\u00dfes, saugf\u00e4higes Tuch benutzen. Nicht reiben, sondern durch Klopfen und Tupfen entfernen.<\/td>\n<\/tr>\n<tr>\n<td class=\"headercell\" align=\"left\" valign=\"top\"><b>Lack<\/b><\/td>\n<td class=\"cell\" align=\"left\" valign=\"top\">Terpentin, Spiritus, Fleckenwasser<\/td>\n<td class=\"cell\" align=\"left\" valign=\"top\">Wei\u00dfes Tuch tr\u00e4nken und abreiben. Stoff vorher auf Farbechtheit pr\u00fcfen.<\/td>\n<\/tr>\n<tr>\n<td class=\"headercell\" align=\"left\" valign=\"top\"><b>Lik\u00f6r<\/b><\/td>\n<td class=\"cell\" align=\"left\" valign=\"top\">reiner Alkohol, Feinwaschmittel<\/td>\n<td class=\"cell\" align=\"left\" valign=\"top\">Nicht eintrocknen lassen! Lauwarme L\u00f6sung aus Wasser und Feinwaschmittel benutzen. Dann mit wei\u00dfem Tuch abreiben.<\/td>\n<\/tr>\n<tr>\n<td class=\"headercell\" align=\"left\" valign=\"top\"><b>Lippenstift<\/b><\/td>\n<td class=\"cell\" align=\"left\" valign=\"top\">Fleckenwasser, Waschbenzin, Feinwaschmittel<\/td>\n<td class=\"cell\" align=\"left\" valign=\"top\">Feinwaschmittel benutzen und dann mit wei\u00dfem Tuch abreiben.<\/td>\n<\/tr>\n<tr>\n<td class=\"headercell\" align=\"left\" valign=\"top\"><b>Milch, Sahne<\/b><\/td>\n<td class=\"cell\" align=\"left\" valign=\"top\">Waschbenzin, Feinwaschmittel<\/td>\n<td class=\"cell\" align=\"left\" valign=\"top\">Fleck mit einer L\u00f6sung aus Polstershampoo und Wasser beseitigen.<\/td>\n<\/tr>\n<tr>\n<td class=\"headercell\" align=\"left\" valign=\"top\"><b>Nagellack<\/b><\/td>\n<td class=\"cell\" align=\"left\" valign=\"top\">Aceton<\/td>\n<td class=\"cell\" align=\"left\" valign=\"top\">Wei\u00dfes, weiches Tuch mit Aceton tr\u00e4nken und die Stelle vorsichtig abreiben. Vorher an einer unauff\u00e4lligen Stelle auf Farbechtheit pr\u00fcfen!<\/td>\n<\/tr>\n<tr>\n<td class=\"headercell\" align=\"left\" valign=\"top\"><b>Obst<\/b><\/td>\n<td class=\"cell\" align=\"left\" valign=\"top\">Fleckenmittel<\/td>\n<td class=\"cell\" align=\"left\" valign=\"top\">Wei\u00dfes Tuch mit angegebenem Fleckenmittel tr\u00e4nken und Flecken vorsichtig abreiben.<\/td>\n<\/tr>\n<tr>\n<td class=\"headercell\" align=\"left\" valign=\"top\"><b>\u00d6l<\/b><\/td>\n<td class=\"cell\" align=\"left\" valign=\"top\">Waschbenzin, Fleckenmittel<\/td>\n<td class=\"cell\" align=\"left\" valign=\"top\">Mit wei\u00dfem Tuch und Fleckenmittel abreiben. Achtung bei Veloursstoffen: Nicht mit L\u00f6sungsmittel behandeln!<\/td>\n<\/tr>\n<tr>\n<td class=\"headercell\" align=\"left\" valign=\"top\"><b>Paraffin<\/b><\/td>\n<td class=\"cell\" align=\"left\" valign=\"top\">Waschbenzin<\/td>\n<td class=\"cell\" align=\"left\" valign=\"top\">Mit getr\u00e4nktem Tuch abreiben.<\/td>\n<\/tr>\n<tr>\n<td class=\"headercell\" align=\"left\" valign=\"top\"><b>Rost<\/b><\/td>\n<td class=\"cell\" align=\"left\" valign=\"top\">Kleesalz<\/td>\n<td class=\"cell\" align=\"left\" valign=\"top\">Kleesalz in handwarmem Wasser l\u00f6sen und Flecken abreiben.<\/td>\n<\/tr>\n<tr>\n<td class=\"headercell\" align=\"left\" valign=\"top\"><b>Rotwein<\/b><\/td>\n<td class=\"cell\" align=\"left\" valign=\"top\">Feinwaschmittel<\/td>\n<td class=\"cell\" align=\"left\" valign=\"top\">Nicht eintrocknen lassen! Lauwarme L\u00f6sung mit wei\u00dfem Tuch auftragen und abreiben<\/td>\n<\/tr>\n<tr>\n<td class=\"headercell\" align=\"left\" valign=\"top\"><b>Ru\u00df<\/b><\/td>\n<td class=\"cell\" align=\"left\" valign=\"top\">Waschbenzin, Fleckenmittel, Kernseife<\/td>\n<td class=\"cell\" align=\"left\" valign=\"top\">Mit Benzin vorreinigen. Dann mit Kernseife einreiben und mit einem feuchten Tuch weiter behandeln.<\/td>\n<\/tr>\n<tr>\n<td class=\"headercell\" align=\"left\" valign=\"top\"><\/td>\n<td class=\"cell\" align=\"left\" valign=\"top\"><\/td>\n<td class=\"cell\" align=\"left\" valign=\"top\"><\/td>\n<\/tr>\n<tr>\n<td class=\"headercell\" align=\"left\" valign=\"top\"><b>So\u00dfe<\/b><\/td>\n<td class=\"cell\" align=\"left\" valign=\"top\">Feinwaschmittel, Polstershampoo, Waschbenzin<\/td>\n<td class=\"cell\" align=\"left\" valign=\"top\">Handwarme L\u00f6sung mit wei\u00dfem Tuch auftragen und abreiben.<\/td>\n<\/tr>\n<tr>\n<td class=\"headercell\" align=\"left\" valign=\"top\"><b>Suppe, Schuhcreme<\/b><\/td>\n<td class=\"cell\" align=\"left\" valign=\"top\">Waschbenzin, Fleckenmittel, Feinwaschmittel<\/td>\n<td class=\"cell\" align=\"left\" valign=\"top\">Wei\u00dfes Tuch in L\u00f6sung tr\u00e4nken und behandeln. Mit Feinwaschmittel nachreiben<\/td>\n<\/tr>\n<tr>\n<td class=\"headercell\" align=\"left\" valign=\"top\"><b>Teer<\/b><\/td>\n<td class=\"cell\" align=\"left\" valign=\"top\">Methanol, warmer Spiritus<\/td>\n<td class=\"cell\" align=\"left\" valign=\"top\">Wei\u00dfes Tuch in L\u00f6sung tr\u00e4nken und abreiben. Achtung bei Microvelours: Nicht mit L\u00f6sungen behandeln!<\/td>\n<\/tr>\n<tr>\n<td class=\"headercell\" align=\"left\" valign=\"top\"><\/td>\n<td class=\"cell\" align=\"left\" valign=\"top\"><\/td>\n<td class=\"cell\" align=\"left\" valign=\"top\"><\/td>\n<\/tr>\n<\/tbody>\n<\/table>\n","protected":false},"excerpt":{"rendered":"<p>Fleckenart Reinigungsmittel Behandlung Cola-Getr\u00e4nke Polstershampoo, Feinwaschmittel Nur nicht eintrocknen lassen. Fleck mit einer L\u00f6sung aus Polstershampoo und Wasser beseitigen. Eiwei\u00df, Eigelb Polstershampoo, Feinwaschmittel Mit kaltem Wasser und Polstershampoo behandeln. Anschlie\u00dfend trocknen lassen. Farbe, \u00d6lpigmente Terpentin, Fleckenmittel, Mit einem hellen, m\u00f6glichst wei\u00dfen Tuch die Farbe entfernen, anschlie\u00dfend mit Benzin oder Fleckenmittel nachbehandeln. Benzin Fett Waschbenzin, Spiritus, &hellip; <a href=\"http:\/\/moebel.moebelkunde.de\/?page_id=154\" class=\"more-link\"><span class=\"screen-reader-text\">Fleckenbehandlung<\/span> weiterlesen <span class=\"meta-nav\">&rarr;<\/span><\/a><\/p>\n","protected":false},"author":1,"featured_media":0,"parent":152,"menu_order":0,"comment_status":"closed","ping_status":"closed","template":"","meta":[],"_links":{"self":[{"href":"http:\/\/moebel.moebelkunde.de\/index.php?rest_route=\/wp\/v2\/pages\/154"}],"collection":[{"href":"http:\/\/moebel.moebelkunde.de\/index.php?rest_route=\/wp\/v2\/pages"}],"about":[{"href":"http:\/\/moebel.moebelkunde.de\/index.php?rest_route=\/wp\/v2\/types\/page"}],"author":[{"embeddable":true,"href":"http:\/\/moebel.moebelkunde.de\/index.php?rest_route=\/wp\/v2\/users\/1"}],"replies":[{"embeddable":true,"href":"http:\/\/moebel.moebelkunde.de\/index.php?rest_route=%2Fwp%2Fv2%2Fcomments&post=154"}],"version-history":[{"count":2,"href":"http:\/\/moebel.moebelkunde.de\/index.php?rest_route=\/wp\/v2\/pages\/154\/revisions"}],"predecessor-version":[{"id":158,"href":"http:\/\/moebel.moebelkunde.de\/index.php?rest_route=\/wp\/v2\/pages\/154\/revisions\/158"}],"up":[{"embeddable":true,"href":"http:\/\/moebel.moebelkunde.de\/index.php?rest_route=\/wp\/v2\/pages\/152"}],"wp:attachment":[{"href":"http:\/\/moebel.moebelkunde.de\/index.php?rest_route=%2Fwp%2Fv2%2Fmedia&parent=154"}],"curies":[{"name":"wp","href":"https:\/\/api.w.org\/{rel}","templated":true}]}}