{"id":147,"date":"2016-09-19T16:51:16","date_gmt":"2016-09-19T16:51:16","guid":{"rendered":"http:\/\/moebel.moebelkunde.de\/?page_id=147"},"modified":"2016-09-19T16:51:16","modified_gmt":"2016-09-19T16:51:16","slug":"unterfederungen","status":"publish","type":"page","link":"http:\/\/moebel.moebelkunde.de\/?page_id=147","title":{"rendered":"Unterfederungen"},"content":{"rendered":"<p>Eine verbesserte Schlaflage und ein Optimum f\u00fcr den gesunden Schlaf wird erreicht durch ein Zusammenspiel von Matratze und Unterfederung unter der Matratze.<br \/>\nHierbei sollte jeder Bewegungsablauf des Schl\u00e4fers durch einen variabel reagierenden Bettboden abgefangen werden.<br \/>\nKuhlenbildung kann auch durch eine schlechte Unterfederung entstehen, was zu Schlafst\u00f6rungen und \u00fcber l\u00e4ngere Zeit sogar zu ernsten Haltungssch\u00e4den f\u00fchren kann.<br \/>\nAus den alten Sprungfeder- und Spiralnetzrahmen hat sich der verstellbare Lattenrost bzw. der <b>Federholzrahmen <\/b>entwickelt.<br \/>\nDas ist ein federnder Bettrahmen, der zus\u00e4tzlich zum Federungskomfort der Matratze beitr\u00e4gt und genau auf die Matratze abgestimmt sein muss.<\/p>\n<p>Verwendet werden meist <b>Federholzleisten. <\/b>Moderne Unterfederungen sind mit Edelstahlfedern ausgestattet, die mit flexiblen Materialien am Rahmen befestigt sind.<br \/>\nZur Auswahl stehen zahlreiche Varianten mit verstellbaren Kopf- und Fu\u00dfteilen, zum Teil mit Mittelzonenverst\u00e4rkung, mechanisch verstellbar oder komfortablere Ausf\u00fchrungen mit Elektromotor, der den Rahmen stufenlos in jede gew\u00fcnschte Liege- oder Sitzposition bringt.<\/p>\n<p><b>Nicht jede Matratze eignet sich f\u00fcr einen verstellbaren Federholzrahmen. Achten Sie deshalb darauf, dass die Matratzen entsprechend ausgezeichnet sind.<\/p>\n<p><\/b>Die Matratze kann nur mit der dazu passenden Unterfederung die an ihn gestellten Anforderungen hinsichtlich der k\u00f6rpergerechten Unterst\u00fctzung der Wirbels\u00e4ule erf\u00fcllen. Leider wird dem Tr\u00e4ger der Matratze nicht die notwendige Bedeutung beigemessen.<br \/>\nDas falsche Lattenrost kann sogar zu Sch\u00e4den an der Matratze f\u00fchren. Bitte bedenken Sie, dass das auf die Matratze einwirkende Gewichtsbelastung auf die Unterfederung \u00fcbertragen wird. Matratze und Lattenrost zusammen bilden immer ein komplettes Schlafsystem, welches aufeinander abgestimmt werden sollte.<\/p>\n<h2><a name=\"03c1989d540d89c0f\"><\/a>DER RICHTIGE TYP ?<\/h2>\n<p><b>Bonellfederkern<\/b>matratzen kommen in der Regel mit einfachen Lattenrosten aus, da die Stahlfedern fest miteinander verbunden sind und aufgrund der geringen Flexibilit\u00e4t kaum eine punktuell st\u00fctzende Unterfederung ben\u00f6tigen.<\/p>\n<p><b>Taschenfederkern-<\/b>Matratzen sollten nicht auf Federholzrahmen gelegt werden, dessen Leistenabstand \u00fcber 3 cm betr\u00e4gt, da sich sonst die einzelnen Federn durch die L\u00fccken dr\u00fccken k\u00f6nnen und die Matratze dabei besch\u00e4digt wird. Ebenso sind auch so genannte Tellerfedersysteme f\u00fcr diesen Matratzentyp nicht geeignet.<\/p>\n<p>Bei punktuell st\u00fctzenden Matratzenkernen aus <b>Latex <\/b>oder <b>Kaltschaum <\/b>(bekannt auch als Bultex von Schlaraffia oder Coltex von Dunlopillo) wird zur k\u00f6rpergerechten Unterst\u00fctzung eine flexible Unterfederung empfohlen. Am geeignetsten sind Rahmen, dessen Latten flexibel in Kautschuktaschen gelagert sind, oder Tellerfedersysteme.<\/p>\n<p><b>Einfacher Lattenrost:<\/p>\n<p><\/b>Besonders preiswert sind Lattenroste mit Federholzleisten, die fest auf einen Rahmen montiert sind.<br \/>\nJede Leiste ist aus dem mehreren Holzschichten verleimt nach oben gew\u00f6lbt und gibt bei Belastung nach.<br \/>\nEinen gr\u00f6\u00dferen Schlafkomfort bietet ein Lattenrost, bei dem die Leisten flexibel gelagert sind;<br \/>\njede Leiste ist in beweglichen Tr\u00e4gerelementen aufgeh\u00e4ngt.<br \/>\nDar\u00fcber hinaus gibt es Lattenroste mit Mittelzonenverst\u00e4rkung.<br \/>\nBei diesen Modellen k\u00f6nnen in der mittleren Liegefl\u00e4che die Leisten in der H\u00e4rte etwas reguliert werden.<\/p>\n<p><b>Verstellbarer Lattenrost:<br \/>\n<\/b>Den verstellbaren Lattenrost gibt es in vielen Variationen.<br \/>\nKopf- und Fu\u00dfteil sind fast immer verstellbar. Daneben gibt es Lattenroste mit automatischer Schulterabsenkung, h\u00e4rteregulierbar, seitlich kippbar oder gar stufenlos verstellbar. Die einfachste Verstellung erfolgt nach dem Liegestuhl-Prinzip. Andere Roste lassen sich im Liegen bedienen und noch komfortabler, daf\u00fcr aber auch erheblich teurer sind automatisch verstellbare Rahmen mit Gasfederdruck, Hydraulik oder Elektromotor. F\u00fcr einen verstellbaren Lattenrost sind aber nicht alle Matratzen geeignet (z.B. die stabileren Matratzen-Federkerne nicht).Federholzleisten:<br \/>\nDas Kopfteil kann bei manuell verstellbaren Rahmen bis zu einem Winkel zu ca. 45\u00b0 geneigt werden. Diese Einstellung erm\u00f6glicht eine h\u00f6here Lage des Kopf- und Nackenbereiches, keine Sitzhaltung.<br \/>\nWICHTIG. Notwendige Flexibilit\u00e4t der Matratze.<br \/>\nVERGLEICHE: Motorrahmen lassen sich fast bis zu 90% f\u00fcr eine aufrechte Sitzhaltung aufstellen.<br \/>\n(Motorrahmen k\u00f6nnen evtl. von der Krankenkasse bezuschusst werden; preiswerter als eine Pflegekraft).Schulterkomfortzone:<br \/>\nEinige Rahmen besitzen eine integrierte Schulterkomfortzone. Leisten, welche auf Belastungen sensibel reagieren, sichern das Einsinken der Schulterpartien, besonders bei seitlicher Lage. Dieses sorgt f\u00fcr die erforderliche Druckentlastung. Die Schulterkomfortzone funktionieren auf unterschiedlichste Weise: Durch biegsame Federholzleisten oder flexible, einsinkbare Halterungen am Rahmen.<\/p>\n<p>H\u00e4rtegrad-Verstellung:<br \/>\nMit der H\u00e4rtegrad-Verstellung haben Sie die M\u00f6glichkeit, das Einsinkverhalten in der H\u00f6he der H\u00fcfte zu regulieren. Je weiter in diesem Beispiel die blauen Kappen nach au\u00dfen geschoben werden, umso fester die Unterfederung, da die Kappe eine weitere Leiste fixiert.<\/p>\n<p>Fu\u00dfteil:<br \/>\nDas Fu\u00dfteil kann in der Regel nur leicht geneigt werden. Es dient zur h\u00f6heren Lagerung der Beine. Diese eher selten verwendete Verstellung eignet sich besonders gut, um am Tage bei geschlossenen Bettk\u00e4sten f\u00fcr die erforderliche Luftzufuhr zu sorgen.<\/p>\n<p>Mittelzonen-Verst\u00e4rkung:<br \/>\nDie Mittelzonen-Verst\u00e4rkung sichert die Stabilit\u00e4t der Federholzleisten.<\/p>\n<p>Halterungen:<br \/>\nZur Erh\u00f6hung der Flexibilit\u00e4t werden die einzelnen Leisten in Kautschuk-Taschen eingelassen, welche wiederum an der Rahmen-Innenseite befestigt sind. Bei einigen Modellen sind diese Halterungen oberhalb des Rahmens befestigt, um die Federung der Leisten bis zur Kante zu gew\u00e4hrleiten.<\/p>\n<p><img loading=\"lazy\" src=\"http:\/\/www.xn--mbelkunde-07a.de\/images\/lattenrost_480.jpg\" alt=\"\" width=\"480\" height=\"133\" border=\"0\" \/><\/p>\n<h2><a name=\"03c1989d540d91b10\"><\/a>MOTORRAHMEN<\/h2>\n<p><b><br \/>\n<\/b>Die Motorrahmen finden nicht nur bei Bettl\u00e4gerigen und alten Schl\u00e4fern, sondern auch vermehrt bei jungen Leuten immer gr\u00f6\u00dfere Beliebtheit.<br \/>\nIm Gegensatz zu manuell verstellbarer Rahmen, ist das Fu\u00dfteil bei Motorrahmen waagerecht und stufenlos mit Hilfe einer Kabelfernbedienung verstellbar.<br \/>\nDas Kopfteil kann (nat\u00fcrlich auch motorisch) fast senkrecht gestellt werden, so dass eine sitzende Position mit St\u00fctzung des R\u00fcckens m\u00f6glich ist.<\/p>\n<p><b>Bitte beachten Sie beim Kauf eines Motorrahmens folgende Dinge:<\/b><\/p>\n<p>Die verwendete Matratze muss besonders flexibel sein.<br \/>\nSchaumstoffmatratzen, z.B. aus Kaltschaum oder Latex sind ideal f\u00fcr Motorrahmen, jegliche Federkernmatratzen jedoch ungeeignet.<br \/>\nMotorrahmen haben auf der Unterseite einen nach unten ragenden Motor sitzen.<br \/>\nQuerverstrebungen im Bettkasten m\u00fcssen entfernt werden.<br \/>\nIst dieses nicht m\u00f6glich, so kann in diesem Bett kein Motorrahmen verwendet werden.<\/p>\n<p>Motorrahmen mit Netzfreischaltung stoppen den Stromfluss an der Steckdose und sorgen so f\u00fcr somit elektrosmogfreien Schlaf.<\/p>\n<p>Ohne Strom funktioniert auch beim Motorrahmen nicht. Achten Sie auf eine eingebaute Notabsenkung, um auch bei Stromausfall den Rahmen in eine schlafgeeignete Lage zur\u00fcckzubringen.<\/p>\n<p>Motorrahmen sind h\u00f6her als manuell verstellbare Rahmen. Bitte ber\u00fccksichtigen Sie dieses bei der Berechnung der Gesamth\u00f6he.<\/p>\n","protected":false},"excerpt":{"rendered":"<p>Eine verbesserte Schlaflage und ein Optimum f\u00fcr den gesunden Schlaf wird erreicht durch ein Zusammenspiel von Matratze und Unterfederung unter der Matratze. Hierbei sollte jeder Bewegungsablauf des Schl\u00e4fers durch einen variabel reagierenden Bettboden abgefangen werden. Kuhlenbildung kann auch durch eine schlechte Unterfederung entstehen, was zu Schlafst\u00f6rungen und \u00fcber l\u00e4ngere Zeit sogar zu ernsten Haltungssch\u00e4den f\u00fchren &hellip; <a href=\"http:\/\/moebel.moebelkunde.de\/?page_id=147\" class=\"more-link\"><span class=\"screen-reader-text\">Unterfederungen<\/span> weiterlesen <span class=\"meta-nav\">&rarr;<\/span><\/a><\/p>\n","protected":false},"author":1,"featured_media":0,"parent":122,"menu_order":0,"comment_status":"closed","ping_status":"closed","template":"","meta":[],"_links":{"self":[{"href":"http:\/\/moebel.moebelkunde.de\/index.php?rest_route=\/wp\/v2\/pages\/147"}],"collection":[{"href":"http:\/\/moebel.moebelkunde.de\/index.php?rest_route=\/wp\/v2\/pages"}],"about":[{"href":"http:\/\/moebel.moebelkunde.de\/index.php?rest_route=\/wp\/v2\/types\/page"}],"author":[{"embeddable":true,"href":"http:\/\/moebel.moebelkunde.de\/index.php?rest_route=\/wp\/v2\/users\/1"}],"replies":[{"embeddable":true,"href":"http:\/\/moebel.moebelkunde.de\/index.php?rest_route=%2Fwp%2Fv2%2Fcomments&post=147"}],"version-history":[{"count":1,"href":"http:\/\/moebel.moebelkunde.de\/index.php?rest_route=\/wp\/v2\/pages\/147\/revisions"}],"predecessor-version":[{"id":148,"href":"http:\/\/moebel.moebelkunde.de\/index.php?rest_route=\/wp\/v2\/pages\/147\/revisions\/148"}],"up":[{"embeddable":true,"href":"http:\/\/moebel.moebelkunde.de\/index.php?rest_route=\/wp\/v2\/pages\/122"}],"wp:attachment":[{"href":"http:\/\/moebel.moebelkunde.de\/index.php?rest_route=%2Fwp%2Fv2%2Fmedia&parent=147"}],"curies":[{"name":"wp","href":"https:\/\/api.w.org\/{rel}","templated":true}]}}