{"id":145,"date":"2016-09-19T16:50:44","date_gmt":"2016-09-19T16:50:44","guid":{"rendered":"http:\/\/moebel.moebelkunde.de\/?page_id=145"},"modified":"2016-09-19T16:50:44","modified_gmt":"2016-09-19T16:50:44","slug":"besonderheiten-bei-matratzen","status":"publish","type":"page","link":"http:\/\/moebel.moebelkunde.de\/?page_id=145","title":{"rendered":"Besonderheiten bei Matratzen"},"content":{"rendered":"<p><b>Naturmatratzen<\/p>\n<p><\/b>Eine durch Stege quer in einzelne Zellen aufgeteilte und mit Naturfasern (Kapok, Schurwolle, Rossschweifhaar etc.) gef\u00fcllte Matratze, deren H\u00e4rtegrad durch Nachstopfen selbst bestimmt werden kann. Diesen Zellenmatratze entspricht in ihrem Aufbau dem individuellen Schlafbed\u00fcrfnis.<\/p>\n<p><b>Rosshaar Matratze<\/p>\n<p><\/b>Haare sind elastischer als pflanzliche F\u00fcllstoffe und entwickeln dadurch eine bessere F\u00fcllkraft. Das in seiner urspr\u00fcnglichen Beschaffenheit glatte Rosshaar wird in einer speziellen, mit einer Dauerwelle vergleichbaren Behandlung gekr\u00e4uselt und miteinander versponnen, wodurch eine starke Sprungkraft erreicht wird. Rosshaar besitzt eine hohe F\u00e4higkeit, Feuchtigkeit aufzunehmen (bis zu 25% des Eigengewichtes), ohne sich feucht anzuf\u00fchlen. Aufgrund der feuchtigkeitsregulierenden Eigenschaften eignen sich diese Matratzen auch besonders f\u00fcr die warme Jahreszeit. Bei der \u00fcberwiegend von Hand erfolgenden Herstellung dieser hochwertigen Vollpolster-Matratzen werden die Rosshaare in eine Nesselh\u00fclle gef\u00fcllt, in eine stabile Form gen\u00e4ht und eng abgeheftet, um das Verrutschen in der fertigen Matratze zu verhindern. Bei einem etwas h\u00f6heren Anschaffungspreis sind diese hochwertigen Matratzen jedoch auch durch die M\u00f6glichkeit des Nachpolsterns gegen\u00fcber anderen Matratzen wesentlich langlebiger. Aus \u00f6konomischen Gr\u00fcnden wird dieser sehr wertvoller F\u00fcllstoff h\u00e4ufig mit anderen Materialien kombiniert.<\/p>\n<p><b>Winter Seite<\/p>\n<p><\/b>Sonderkonstruktion mit eingesteppter Klimaausgleichzone aus bausch elastischer Baumwollwatte f\u00fcr die Sommerseite sowie eingestepptem Schurwollvlies mit w\u00e4rmenden Eigenschaften f\u00fcr die Winterseite.<\/p>\n<p><b>Abnehmbare Bez\u00fcge<\/p>\n<p><\/b>Aus hygienischen Gr\u00fcnden sind vor allem Kinder- und Krankenhausmatratzen mit waschbaren, abnehmbaren Bez\u00fcgen ausgestattet. M\u00fcheloses Abziehen und Neubeziehen wird durch Rei\u00dfverschl\u00fcsse an mindestens zwei Seiten des Drellbezuges bzw. Knopfverschluss in Doppelknopf-Technik erm\u00f6glicht.<\/p>\n<p><b>Matratzenschoner<\/p>\n<p><\/b>Meist abgesteppt und mit preiswertem Polstermaterial gef\u00fcllt, werden sie zwischen Bettboden und Matratze gelegt. Die Oberseite besteht h\u00e4ufig aus dunkel gef\u00e4rbtem Kettsatin, die Unterseite aus Jute-Nadelfilz.<\/p>\n<p><b>Raumgewicht<br \/>\n<\/b>Das Raumgewicht des Schaumkerns einer Matratze gibt an, wie viel Kilogramm 1 Kubikmeter des verwendeten Schaumes wiegt. Je h\u00f6her das Raumgewicht, desto h\u00f6her die Festigkeit und die Formbest\u00e4ndigkeit.<br \/>\nDer Kern einer guten Schaumstoffmatratze sollte mindestens ein Raumgewicht von<b> 35 kg\/m\u22833;<\/b>; besitzen, der einer Latexmatratze mindestens <b>70 kg\/m\u00b3<\/b><\/p>\n","protected":false},"excerpt":{"rendered":"<p>Naturmatratzen Eine durch Stege quer in einzelne Zellen aufgeteilte und mit Naturfasern (Kapok, Schurwolle, Rossschweifhaar etc.) gef\u00fcllte Matratze, deren H\u00e4rtegrad durch Nachstopfen selbst bestimmt werden kann. Diesen Zellenmatratze entspricht in ihrem Aufbau dem individuellen Schlafbed\u00fcrfnis. Rosshaar Matratze Haare sind elastischer als pflanzliche F\u00fcllstoffe und entwickeln dadurch eine bessere F\u00fcllkraft. Das in seiner urspr\u00fcnglichen Beschaffenheit glatte &hellip; <a href=\"http:\/\/moebel.moebelkunde.de\/?page_id=145\" class=\"more-link\"><span class=\"screen-reader-text\">Besonderheiten bei Matratzen<\/span> weiterlesen <span class=\"meta-nav\">&rarr;<\/span><\/a><\/p>\n","protected":false},"author":1,"featured_media":0,"parent":122,"menu_order":0,"comment_status":"closed","ping_status":"closed","template":"","meta":[],"_links":{"self":[{"href":"http:\/\/moebel.moebelkunde.de\/index.php?rest_route=\/wp\/v2\/pages\/145"}],"collection":[{"href":"http:\/\/moebel.moebelkunde.de\/index.php?rest_route=\/wp\/v2\/pages"}],"about":[{"href":"http:\/\/moebel.moebelkunde.de\/index.php?rest_route=\/wp\/v2\/types\/page"}],"author":[{"embeddable":true,"href":"http:\/\/moebel.moebelkunde.de\/index.php?rest_route=\/wp\/v2\/users\/1"}],"replies":[{"embeddable":true,"href":"http:\/\/moebel.moebelkunde.de\/index.php?rest_route=%2Fwp%2Fv2%2Fcomments&post=145"}],"version-history":[{"count":1,"href":"http:\/\/moebel.moebelkunde.de\/index.php?rest_route=\/wp\/v2\/pages\/145\/revisions"}],"predecessor-version":[{"id":146,"href":"http:\/\/moebel.moebelkunde.de\/index.php?rest_route=\/wp\/v2\/pages\/145\/revisions\/146"}],"up":[{"embeddable":true,"href":"http:\/\/moebel.moebelkunde.de\/index.php?rest_route=\/wp\/v2\/pages\/122"}],"wp:attachment":[{"href":"http:\/\/moebel.moebelkunde.de\/index.php?rest_route=%2Fwp%2Fv2%2Fmedia&parent=145"}],"curies":[{"name":"wp","href":"https:\/\/api.w.org\/{rel}","templated":true}]}}